{"id":29728,"date":"2024-09-15T23:00:51","date_gmt":"2024-09-15T21:00:51","guid":{"rendered":"https:\/\/gagschola.ch\/veranstaltungen\/"},"modified":"2025-03-23T18:07:28","modified_gmt":"2025-03-23T17:07:28","slug":"veranstaltungen","status":"publish","type":"page","link":"https:\/\/gagschola.ch\/de\/veranstaltungen\/","title":{"rendered":"Veranstaltungen"},"content":{"rendered":"<p>[et_pb_section fb_built=&#8220;1&#8243; _builder_version=&#8220;4.27.0&#8243; _module_preset=&#8220;6ef7bc72-25c3-449b-9136-498fd8f02720&#8243; background_image=&#8220;https:\/\/gagschola.ch\/wp-content\/uploads\/2024\/09\/GAGS_image-illustration_Meyer_1570_Sword_E-scaled.jpg&#8220; background_enable_image=&#8220;on&#8220; global_colors_info=&#8220;{}&#8220;][et_pb_row _builder_version=&#8220;4.27.0&#8243; _module_preset=&#8220;bc5e98b6-7f38-469f-9263-5af7d493ab7f&#8220; global_colors_info=&#8220;{}&#8220;][et_pb_column type=&#8220;4_4&#8243; _builder_version=&#8220;4.27.0&#8243; _module_preset=&#8220;default&#8220; global_colors_info=&#8220;{}&#8220;][et_pb_text _builder_version=&#8220;4.27.0&#8243; _module_preset=&#8220;0f6de4c6-e382-4d16-97eb-626c06537d32&#8243; global_colors_info=&#8220;{}&#8220;]<\/p>\n<h1>Unsere Veranstaltungen<\/h1>\n<p>[\/et_pb_text][\/et_pb_column][\/et_pb_row][\/et_pb_section][et_pb_section fb_built=&#8220;1&#8243; _builder_version=&#8220;4.27.0&#8243; _module_preset=&#8220;default&#8220; custom_padding=&#8220;25px||50px||false|false&#8220; global_colors_info=&#8220;{}&#8220;][et_pb_row _builder_version=&#8220;4.27.0&#8243; _module_preset=&#8220;b90011a5-e020-411c-a157-a014adb8612e&#8220; custom_padding_phone=&#8220;25px|10px|0px|10px|false|false&#8220; global_colors_info=&#8220;{}&#8220;][et_pb_column type=&#8220;4_4&#8243; _builder_version=&#8220;4.27.0&#8243; _module_preset=&#8220;default&#8220; global_colors_info=&#8220;{}&#8220;][et_pb_text _builder_version=&#8220;4.27.0&#8243; _module_preset=&#8220;003ab705-6913-4c58-8975-c958f01ea299&#8243; global_colors_info=&#8220;{}&#8220;]<\/p>\n<h2 style=\"text-align: center;\">Kommende Veranstaltung(en)<\/h2>\n<p>[\/et_pb_text][et_pb_text disabled_on=&#8220;off|off|off&#8220; _builder_version=&#8220;4.27.0&#8243; _module_preset=&#8220;003ab705-6913-4c58-8975-c958f01ea299&#8243; hover_enabled=&#8220;0&#8243; global_colors_info=&#8220;{}&#8220; sticky_enabled=&#8220;0&#8243;]<\/p>\n<p style=\"text-align: center;\">Unsere n\u00e4chste Veranstaltung ist in Vorbereitung<br \/>Um \u00fcber unsere n\u00e4chsten Veranstaltungen auf dem Laufenden zu bleiben<br \/>liken Sie unsere <a href=\"https:\/\/www.facebook.com\/GAGSchola\" title=\"Facebook\"> Facebook-<\/a> und <a href=\"https:\/\/www.instagram.com\/gagschola\/\" title=\"Instagram\">Instagram-Seiten<\/a>.<\/p>\n<p>[\/et_pb_text][et_pb_blog fullwidth=&#8220;on&#8220; include_categories=&#8220;9&#8243; show_more=&#8220;on&#8220; show_author=&#8220;off&#8220; show_date=&#8220;off&#8220; show_categories=&#8220;off&#8220; module_id=&#8220;event-now&#8220; _builder_version=&#8220;4.27.0&#8243; _module_preset=&#8220;747f053c-cb1b-457c-a24d-a23e2e85bc42&#8243; read_more_font=&#8220;&#8211;et_global_heading_font||||on||||&#8220; read_more_line_height=&#8220;3em&#8220; hover_enabled=&#8220;0&#8243; global_colors_info=&#8220;{}&#8220; disabled_on=&#8220;on|on|on&#8220; disabled=&#8220;on&#8220; sticky_enabled=&#8220;0&#8243;][\/et_pb_blog][\/et_pb_column][\/et_pb_row][\/et_pb_section][et_pb_section fb_built=&#8220;1&#8243; _builder_version=&#8220;4.27.0&#8243; _module_preset=&#8220;default&#8220; background_image=&#8220;https:\/\/gagschola.ch\/wp-content\/uploads\/2024\/09\/Fond_parchemin_fonce-scaled.jpg&#8220; global_colors_info=&#8220;{}&#8220;][et_pb_row _builder_version=&#8220;4.27.0&#8243; _module_preset=&#8220;default&#8220; global_colors_info=&#8220;{}&#8220;][et_pb_column type=&#8220;4_4&#8243; _builder_version=&#8220;4.27.0&#8243; _module_preset=&#8220;default&#8220; global_colors_info=&#8220;{}&#8220;][et_pb_text _builder_version=&#8220;4.27.0&#8243; _module_preset=&#8220;003ab705-6913-4c58-8975-c958f01ea299&#8243; global_colors_info=&#8220;{}&#8220;]<\/p>\n<h2 style=\"text-align: center;\">Vergangene Ereignisse<\/h2>\n<p>[\/et_pb_text][et_pb_text _builder_version=&#8220;4.27.0&#8243; _module_preset=&#8220;003ab705-6913-4c58-8975-c958f01ea299&#8243; global_colors_info=&#8220;{}&#8220;][\/et_pb_text][et_pb_text disabled_on=&#8220;on|on|on&#8220; _builder_version=&#8220;4.27.0&#8243; _module_preset=&#8220;003ab705-6913-4c58-8975-c958f01ea299&#8243; hover_enabled=&#8220;0&#8243; disabled=&#8220;on&#8220; global_colors_info=&#8220;{}&#8220; sticky_enabled=&#8220;0&#8243;]<\/p>\n<p style=\"text-align: center;\">Bisher keine vergangenen Ereignisse<\/p>\n<p>[\/et_pb_text][et_pb_blog posts_number=&#8220;12&#8243; include_categories=&#8220;10&#8243; disabled_on=&#8220;off|off|off&#8220; module_id=&#8220;event-past&#8220; _builder_version=&#8220;4.27.0&#8243; _module_preset=&#8220;6729a164-a4a8-46fb-a036-6769ca24d710&#8243; hover_enabled=&#8220;0&#8243; global_colors_info=&#8220;{}&#8220; sticky_enabled=&#8220;0&#8243;][\/et_pb_blog][et_pb_sidebar _builder_version=&#8220;4.27.0&#8243; _module_preset=&#8220;default&#8220; global_colors_info=&#8220;{}&#8220;][\/et_pb_sidebar][\/et_pb_column][\/et_pb_row][\/et_pb_section]<\/p>\n","protected":false},"excerpt":{"rendered":"<p>Unsere VeranstaltungenKommende Veranstaltung(en)Unsere n\u00e4chste Veranstaltung ist in VorbereitungUm \u00fcber unsere n\u00e4chsten Veranstaltungen auf dem Laufenden zu bleibenliken Sie unsere Facebook- und Instagram-Seiten.Vergangene EreignisseBisher keine vergangenen Ereignisse<\/p>\n","protected":false},"author":1,"featured_media":0,"parent":0,"menu_order":0,"comment_status":"closed","ping_status":"closed","template":"","meta":{"_et_pb_use_builder":"on","_et_pb_old_content":"","_et_gb_content_width":"","footnotes":""},"class_list":["post-29728","page","type-page","status-publish","hentry"],"_links":{"self":[{"href":"https:\/\/gagschola.ch\/de\/wp-json\/wp\/v2\/pages\/29728","targetHints":{"allow":["GET"]}}],"collection":[{"href":"https:\/\/gagschola.ch\/de\/wp-json\/wp\/v2\/pages"}],"about":[{"href":"https:\/\/gagschola.ch\/de\/wp-json\/wp\/v2\/types\/page"}],"author":[{"embeddable":true,"href":"https:\/\/gagschola.ch\/de\/wp-json\/wp\/v2\/users\/1"}],"replies":[{"embeddable":true,"href":"https:\/\/gagschola.ch\/de\/wp-json\/wp\/v2\/comments?post=29728"}],"version-history":[{"count":18,"href":"https:\/\/gagschola.ch\/de\/wp-json\/wp\/v2\/pages\/29728\/revisions"}],"predecessor-version":[{"id":29944,"href":"https:\/\/gagschola.ch\/de\/wp-json\/wp\/v2\/pages\/29728\/revisions\/29944"}],"wp:attachment":[{"href":"https:\/\/gagschola.ch\/de\/wp-json\/wp\/v2\/media?parent=29728"}],"curies":[{"name":"wp","href":"https:\/\/api.w.org\/{rel}","templated":true}]}}