{"id":29735,"date":"2024-09-15T22:01:53","date_gmt":"2024-09-15T20:01:53","guid":{"rendered":"https:\/\/gagschola.ch\/trainings\/"},"modified":"2024-10-11T13:58:37","modified_gmt":"2024-10-11T11:58:37","slug":"trainings","status":"publish","type":"page","link":"https:\/\/gagschola.ch\/de\/trainings\/","title":{"rendered":"Trainings"},"content":{"rendered":"<p>[et_pb_section fb_built=&#8220;1&#8243; _builder_version=&#8220;4.27.0&#8243; _module_preset=&#8220;6ef7bc72-25c3-449b-9136-498fd8f02720&#8243; background_image=&#8220;https:\/\/gagschola.ch\/wp-content\/uploads\/2024\/09\/Meyer_1570_Dussack_A-1.jpg&#8220; background_enable_image=&#8220;on&#8220; global_colors_info=&#8220;{}&#8220;][et_pb_row _builder_version=&#8220;4.27.0&#8243; _module_preset=&#8220;bc5e98b6-7f38-469f-9263-5af7d493ab7f&#8220; global_colors_info=&#8220;{}&#8220;][et_pb_column type=&#8220;4_4&#8243; _builder_version=&#8220;4.27.0&#8243; _module_preset=&#8220;default&#8220; global_colors_info=&#8220;{}&#8220;][et_pb_text _builder_version=&#8220;4.27.0&#8243; _module_preset=&#8220;0f6de4c6-e382-4d16-97eb-626c06537d32&#8243; global_colors_info=&#8220;{}&#8220;]<\/p>\n<h1>Unsere Trainings<\/h1>\n<p>[\/et_pb_text][\/et_pb_column][\/et_pb_row][\/et_pb_section][et_pb_section fb_built=&#8220;1&#8243; custom_padding_last_edited=&#8220;on|desktop&#8220; _builder_version=&#8220;4.27.0&#8243; _module_preset=&#8220;default&#8220; custom_padding=&#8220;25px||50px||false|false&#8220; custom_padding_tablet=&#8220;25px||50px||false|false&#8220; custom_padding_phone=&#8220;25px||50px||false|false&#8220; global_colors_info=&#8220;{}&#8220;][et_pb_row column_structure=&#8220;2_5,3_5&#8243; _builder_version=&#8220;4.27.0&#8243; _module_preset=&#8220;b90011a5-e020-411c-a157-a014adb8612e&#8220; global_colors_info=&#8220;{}&#8220;][et_pb_column type=&#8220;2_5&#8243; _builder_version=&#8220;4.27.0&#8243; _module_preset=&#8220;default&#8220; global_colors_info=&#8220;{}&#8220;][et_pb_text _builder_version=&#8220;4.27.0&#8243; _module_preset=&#8220;003ab705-6913-4c58-8975-c958f01ea299&#8243; global_colors_info=&#8220;{}&#8220;]<\/p>\n<h2>Historische Quellen, reale K\u00e4mpfe<\/h2>\n<p>Unsere Trainings kombinieren die Interpretation historischer Quellen mit der Anwendung im realen Kampf. Jede Sitzung ist auf eine Quelle, ein Konzept, ein Thema und\/oder eine Technik ausgerichtet: Nach einer Analysephase folgt die Praxis mit Kampf\u00fcbungen und anschlie\u00dfenden freundschaftlichen Sparrings mit moderner Schutzausr\u00fcstung. Wir sind auf germanische Quellen aus dem 15. und 16. Jahrhundert spezialisiert, aber wir sind immer offen und neugierig auf Neues!<\/p>\n<p>[\/et_pb_text][\/et_pb_column][et_pb_column type=&#8220;3_5&#8243; _builder_version=&#8220;4.27.0&#8243; _module_preset=&#8220;default&#8220; global_colors_info=&#8220;{}&#8220;][et_pb_image src=&#8220;https:\/\/gagschola.ch\/wp-content\/uploads\/2024\/09\/Meyer_1570_Sword_A_couleur.jpg&#8220; title_text=&#8220;Meyer_1570_Sword_A_couleur&#8220; _builder_version=&#8220;4.27.0&#8243; _module_preset=&#8220;default&#8220; global_colors_info=&#8220;{}&#8220;][\/et_pb_image][\/et_pb_column][\/et_pb_row][et_pb_row column_structure=&#8220;3_5,2_5&#8243; custom_padding_last_edited=&#8220;on|phone&#8220; _builder_version=&#8220;4.27.0&#8243; _module_preset=&#8220;b90011a5-e020-411c-a157-a014adb8612e&#8220; custom_padding=&#8220;4px|0px|50px|0px|false|false&#8220; custom_padding_tablet=&#8220;0px|10px|15px|10px|false|false&#8220; custom_padding_phone=&#8220;0px|10px|25px|10px|false|false&#8220; global_colors_info=&#8220;{}&#8220;][et_pb_column type=&#8220;3_5&#8243; _builder_version=&#8220;4.27.0&#8243; _module_preset=&#8220;default&#8220; global_colors_info=&#8220;{}&#8220;][et_pb_image src=&#8220;https:\/\/gagschola.ch\/wp-content\/uploads\/2024\/09\/manque-image.jpg&#8220; title_text=&#8220;fehlendes Bild&#8220; disabled_on=&#8220;on|on|off&#8220; _builder_version=&#8220;4.27.0&#8243; _module_preset=&#8220;default&#8220; global_colors_info=&#8220;{}&#8220;][\/et_pb_image][\/et_pb_column][et_pb_column type=&#8220;2_5&#8243; _builder_version=&#8220;4.27.0&#8243; _module_preset=&#8220;default&#8220; custom_padding_tablet=&#8220;0px|20px||20px|false|false&#8220; global_colors_info=&#8220;{}&#8220;][et_pb_text _builder_version=&#8220;4.27.0&#8243; _module_preset=&#8220;003ab705-6913-4c58-8975-c958f01ea299&#8243; custom_margin_tablet=&#8220;0px||||false|false&#8220; custom_padding_tablet=&#8220;0px||||false|false&#8220; custom_padding_phone=&#8220;0px||||false|false&#8220; custom_padding_last_edited=&#8220;on|tablet&#8220; global_colors_info=&#8220;{}&#8220;]<\/p>\n<p>Unsere Sitzungen konzentrieren sich auf das Erlernen des Umgangs mit vielen verschiedenen Waffen: haupts\u00e4chlich Langschwerter, aber auch Dolche, Messer, Dussacks, Kampfst\u00f6cke und der Kampf mit blo\u00dfen H\u00e4nden.<br \/>\nWir verwenden nur sichere Waffensimulatoren, die f\u00fcr AMHE geeignet sind, um Historizit\u00e4t und Sicherheit zu kombinieren. <\/p>\n<p>[\/et_pb_text][et_pb_image src=&#8220;https:\/\/gagschola.ch\/wp-content\/uploads\/2024\/09\/manque-image.jpg&#8220; title_text=&#8220;fehlendes Bild&#8220; disabled_on=&#8220;off|off|on&#8220; _builder_version=&#8220;4.27.0&#8243; _module_preset=&#8220;default&#8220; custom_padding_tablet=&#8220;||37px||false|false&#8220; custom_padding_phone=&#8220;||37px||false|false&#8220; custom_padding_last_edited=&#8220;on|tablet&#8220; global_colors_info=&#8220;{}&#8220;][\/et_pb_image][\/et_pb_column][\/et_pb_row][et_pb_row column_structure=&#8220;1_2,1_2&#8243; _builder_version=&#8220;4.27.0&#8243; _module_preset=&#8220;635bb1f2-a0f6-4e42-a54c-529fd39d1c9b&#8220; global_colors_info=&#8220;{}&#8220;][et_pb_column type=&#8220;1_2&#8243; _builder_version=&#8220;4.27.0&#8243; _module_preset=&#8220;a89d12ea-69f9-47d1-b33d-3e10597c9cd1&#8243; global_colors_info=&#8220;{}&#8220;][et_pb_text _builder_version=&#8220;4.27.0&#8243; _module_preset=&#8220;003ab705-6913-4c58-8975-c958f01ea299&#8243; text_orientation=&#8220;center&#8220; custom_css_main_element=&#8220;align-items: center;&#8220; global_colors_info=&#8220;{}&#8220;]<\/p>\n<h2 style=\"text-align: left;\">Montagskurs<\/h2>\n<h4 style=\"text-align: left;\">Langschwert<\/h4>\n<p style=\"text-align: left;\"><strong>Alle Niveaus sind willkommen  <\/strong><\/p>\n<p style=\"text-align: left;\">Montagabends \u00fcben wir die in der AMHE-Welt am weitesten verbreitete Fechtart: das sp\u00e4tmittelalterliche Langschwertfechten.<br \/>\nDies ist unsere Haupttrainingseinheit und es ist sehr wahrscheinlich, dass diese Art des Fechtens Sie zu uns gef\u00fchrt hat.   <\/p>\n<p style=\"text-align: left;\"><strong>\u00d6ffnungszeiten<br \/><\/strong>20.00-22.00 Uhr  <\/p>\n<p style=\"text-align: left;\"><strong>Ort<\/strong><br \/>Turnhalle des Coll\u00e8ge Voltaire<br \/>Zugang \u00fcber die Rue du Vuache<br \/>1201 Genf  <\/p>\n<p>[\/et_pb_text][et_pb_button button_url=&#8220;https:\/\/maps.app.goo.gl\/37bnXqxpBp9dUvBi7&#8243; url_new_window=&#8220;on&#8220; button_text=&#8220;Auf der Karte anzeigen&#8220; button_alignment=&#8220;left&#8220; _builder_version=&#8220;4.27.0&#8243; _module_preset=&#8220;07cb1f77-c773-45e7-a164-d6279e040587&#8243; hover_enabled=&#8220;0&#8243; global_colors_info=&#8220;{}&#8220; sticky_enabled=&#8220;0&#8243;][\/et_pb_button][et_pb_text _builder_version=&#8220;4.27.0&#8243; _module_preset=&#8220;003ab705-6913-4c58-8975-c958f01ea299&#8243; text_orientation=&#8220;center&#8220; custom_css_main_element=&#8220;align-items: center;&#8220; global_colors_info=&#8220;{}&#8220;]<\/p>\n<p style=\"text-align: left;\">\n<p style=\"text-align: left;\"><strong>Sonstige Informationen<\/strong><\/p>\n<ul>\n<li style=\"text-align: left;\">Sportkleidung und Hallenschuhe sind obligatorisch.<\/li>\n<li style=\"text-align: left;\">F\u00fcr neue Mitglieder wird das Trainingsmaterial (Waffensimulator und Basisschutz) zur Verf\u00fcgung gestellt.<\/li>\n<li style=\"text-align: left;\">Keine Sitzungen an Feiertagen oder w\u00e4hrend der Schulferien.<\/li>\n<\/ul>\n<p>[\/et_pb_text][\/et_pb_column][et_pb_column type=&#8220;1_2&#8243; _builder_version=&#8220;4.27.0&#8243; _module_preset=&#8220;a89d12ea-69f9-47d1-b33d-3e10597c9cd1&#8243; global_colors_info=&#8220;{}&#8220;][et_pb_text _builder_version=&#8220;4.27.0&#8243; _module_preset=&#8220;003ab705-6913-4c58-8975-c958f01ea299&#8243; text_orientation=&#8220;center&#8220; custom_css_main_element=&#8220;align-items: center;&#8220; global_colors_info=&#8220;{}&#8220;]<\/p>\n<h2 style=\"text-align: left;\">Donnerstagsunterricht<\/h2>\n<h4 style=\"text-align: left;\">Ringen, Messer und Dolch<\/h4>\n<p style=\"text-align: left;\"><strong>Alle Niveaus sind willkommen  <\/strong><\/p>\n<p style=\"text-align: left;\">Donnerstagabends nutzen wir den Zugang zu einem 240m2 gro\u00dfen Dojo mit Tatami-Matten, um uns auf Waffen und Techniken zu konzentrieren, die auf den Nahkampf ausgerichtet sind, wie Ringen, Dolch oder Messer.<br \/>\nDiese Kampfsportarten sind eine unverzichtbare Erg\u00e4nzung zu anderen Formen des historischen Fechtens. <\/p>\n<p style=\"text-align: left;\"><strong>Horaires<br \/><\/strong>21h00-22h00<\/p>\n<p style=\"text-align: left;\"><strong>Ort<\/strong><br \/>Dojo des Grottes<br \/>Rue Jean-Robert-Chouet 6<br \/>1202 Genf<br \/><em>Eingang im Hof der Ecole des Grottes, Zugang \u00fcber die Rue Jean-Robert-Chouet und die Rue Louis-Favre m\u00f6glich<\/em><\/p>\n<p>[\/et_pb_text][et_pb_button button_url=&#8220;https:\/\/maps.app.goo.gl\/AhSeVqWj2JXNPUV27&#8243; url_new_window=&#8220;on&#8220; button_text=&#8220;Auf der Karte anzeigen&#8220; button_alignment=&#8220;left&#8220; _builder_version=&#8220;4.27.0&#8243; _module_preset=&#8220;07cb1f77-c773-45e7-a164-d6279e040587&#8243; hover_enabled=&#8220;0&#8243; global_colors_info=&#8220;{}&#8220; sticky_enabled=&#8220;0&#8243;][\/et_pb_button][et_pb_text _builder_version=&#8220;4.27.0&#8243; _module_preset=&#8220;003ab705-6913-4c58-8975-c958f01ea299&#8243; text_orientation=&#8220;center&#8220; custom_css_main_element=&#8220;align-items: center;&#8220; global_colors_info=&#8220;{}&#8220;]<\/p>\n<p style=\"text-align: left;\"><strong>Sonstige Informationen<\/strong><\/p>\n<ul>\n<li style=\"text-align: left;\">Sportkleidung ist erforderlich.<\/li>\n<li style=\"text-align: left;\">Da es sich um einen Tatami-Raum handelt, trainieren Sie barfu\u00df oder mit Schuhen, die speziell f\u00fcr diese Art von Boden ausgelegt sind (z.B. Boxschuhe).<br \/>\nBitte ziehen Sie Ihre Schuhe erst aus, wenn Sie die Tatami-Matten betreten und laufen Sie nicht barfu\u00df durch die G\u00e4nge. <\/li>\n<li style=\"text-align: left;\">Trainingsmaterial (Waffensimulatoren und Basisschutz) wird zur Verf\u00fcgung gestellt.<\/li>\n<\/ul>\n<p>[\/et_pb_text][\/et_pb_column][\/et_pb_row][et_pb_row custom_padding_last_edited=&#8220;on|phone&#8220; _builder_version=&#8220;4.27.0&#8243; _module_preset=&#8220;default&#8220; custom_padding_tablet=&#8220;|10px|15px|10px|false|false&#8220; custom_padding_phone=&#8220;50px|10px|25px|10px|false|false&#8220; global_colors_info=&#8220;{}&#8220;][et_pb_column type=&#8220;4_4&#8243; _builder_version=&#8220;4.27.0&#8243; _module_preset=&#8220;default&#8220; global_colors_info=&#8220;{}&#8220;][et_pb_text _builder_version=&#8220;4.27.0&#8243; _module_preset=&#8220;default&#8220; global_colors_info=&#8220;{}&#8220;]<\/p>\n<h3 style=\"text-align: center;\">Sind Sie daran interessiert, AMHE mit uns zu entdecken?<\/h3>\n<p style=\"text-align: center;\">Unsere Trainingseinheiten stehen allen Mitgliedern unseres Vereins offen.<br \/>\nSie k\u00f6nnen jederzeit w\u00e4hrend des Schuljahres in GAGSchola eintreten und kostenlos und unverbindlich an zwei Trainingswochen teilnehmen.<br \/>\nBitte z\u00f6gern Sie nicht, uns f\u00fcr weitere Informationen zu kontaktieren!<br \/>\nDie Bedingungen und die H\u00f6he des Mitgliedsbeitrags finden Sie auf der Registerkarte Beitreten.   <\/p>\n<p>[\/et_pb_text][et_pb_button button_url=&#8220;https:\/\/gagschola.ch\/lassociation\/#nousrejoindre&#8220; button_text=&#8220;Siehe die Bedingungen&#8220; _builder_version=&#8220;4.27.0&#8243; _module_preset=&#8220;default&#8220; global_colors_info=&#8220;{}&#8220;][\/et_pb_button][et_pb_button button_url=&#8220;@ET-DC@eyJkeW5hbWljIjp0cnVlLCJjb250ZW50IjoicG9zdF9saW5rX3VybF9wYWdlIiwic2V0dGluZ3MiOnsicG9zdF9pZCI6IjI5MDY5In19@&#8220; button_text=&#8220;Wie Sie uns erreichen&#8220; _builder_version=&#8220;4.27.0&#8243; _dynamic_attributes=&#8220;button_url&#8220; _module_preset=&#8220;default&#8220; global_colors_info=&#8220;{}&#8220;][\/et_pb_button][\/et_pb_column][\/et_pb_row][\/et_pb_section][et_pb_section fb_built=&#8220;1&#8243; _builder_version=&#8220;4.27.0&#8243; _module_preset=&#8220;6ef7bc72-25c3-449b-9136-498fd8f02720&#8243; background_image=&#8220;https:\/\/gagschola.ch\/wp-content\/uploads\/2024\/09\/Meyer_1570_Dussack_A-1.jpg&#8220; background_enable_image=&#8220;on&#8220; global_colors_info=&#8220;{}&#8220;][\/et_pb_section]<\/p>\n","protected":false},"excerpt":{"rendered":"<p>Unsere TrainingsHistorische Quellen, reale K\u00e4mpfe Unsere Trainings kombinieren die Interpretation historischer Quellen mit der Anwendung im realen Kampf. Jede Sitzung ist auf eine Quelle, ein Konzept, ein Thema und\/oder eine Technik ausgerichtet: Nach einer Analysephase folgt die Praxis mit Kampf\u00fcbungen und anschlie\u00dfenden freundschaftlichen Sparrings mit moderner Schutzausr\u00fcstung. Wir sind auf germanische Quellen aus dem 15. [&hellip;]<\/p>\n","protected":false},"author":1,"featured_media":0,"parent":0,"menu_order":0,"comment_status":"closed","ping_status":"closed","template":"","meta":{"_et_pb_use_builder":"on","_et_pb_old_content":"","_et_gb_content_width":"","footnotes":""},"class_list":["post-29735","page","type-page","status-publish","hentry"],"_links":{"self":[{"href":"https:\/\/gagschola.ch\/de\/wp-json\/wp\/v2\/pages\/29735","targetHints":{"allow":["GET"]}}],"collection":[{"href":"https:\/\/gagschola.ch\/de\/wp-json\/wp\/v2\/pages"}],"about":[{"href":"https:\/\/gagschola.ch\/de\/wp-json\/wp\/v2\/types\/page"}],"author":[{"embeddable":true,"href":"https:\/\/gagschola.ch\/de\/wp-json\/wp\/v2\/users\/1"}],"replies":[{"embeddable":true,"href":"https:\/\/gagschola.ch\/de\/wp-json\/wp\/v2\/comments?post=29735"}],"version-history":[{"count":1,"href":"https:\/\/gagschola.ch\/de\/wp-json\/wp\/v2\/pages\/29735\/revisions"}],"predecessor-version":[{"id":29738,"href":"https:\/\/gagschola.ch\/de\/wp-json\/wp\/v2\/pages\/29735\/revisions\/29738"}],"wp:attachment":[{"href":"https:\/\/gagschola.ch\/de\/wp-json\/wp\/v2\/media?parent=29735"}],"curies":[{"name":"wp","href":"https:\/\/api.w.org\/{rel}","templated":true}]}}