{"id":29741,"date":"2024-09-15T17:11:37","date_gmt":"2024-09-15T15:11:37","guid":{"rendered":"https:\/\/gagschola.ch\/aktivitaeten\/"},"modified":"2025-03-23T18:27:42","modified_gmt":"2025-03-23T17:27:42","slug":"aktivitaeten","status":"publish","type":"page","link":"https:\/\/gagschola.ch\/de\/aktivitaeten\/","title":{"rendered":"Aktivit\u00e4ten"},"content":{"rendered":"<p>[et_pb_section fb_built=&#8220;1&#8243; _builder_version=&#8220;4.27.0&#8243; _module_preset=&#8220;6ef7bc72-25c3-449b-9136-498fd8f02720&#8243; background_image=&#8220;https:\/\/gagschola.ch\/wp-content\/uploads\/2024\/09\/Meyer_1570_Sword_A_couleur.jpg&#8220; background_enable_image=&#8220;on&#8220; global_colors_info=&#8220;{}&#8220;][et_pb_row _builder_version=&#8220;4.27.0&#8243; _module_preset=&#8220;bc5e98b6-7f38-469f-9263-5af7d493ab7f&#8220; global_colors_info=&#8220;{}&#8220;][et_pb_column type=&#8220;4_4&#8243; _builder_version=&#8220;4.27.0&#8243; _module_preset=&#8220;default&#8220; global_colors_info=&#8220;{}&#8220;][et_pb_text _builder_version=&#8220;4.27.0&#8243; _module_preset=&#8220;0f6de4c6-e382-4d16-97eb-626c06537d32&#8243; global_colors_info=&#8220;{}&#8220;]<\/p>\n<h1>Unsere Aktivit\u00e4ten<\/h1>\n<p>[\/et_pb_text][\/et_pb_column][\/et_pb_row][\/et_pb_section][et_pb_section fb_built=&#8220;1&#8243; _builder_version=&#8220;4.27.0&#8243; _module_preset=&#8220;cd1ce83c-cc4f-4e3e-ad06-4ab134dbb6bd&#8220; custom_padding=&#8220;20px||75px||false|false&#8220; global_colors_info=&#8220;{}&#8220;][et_pb_row column_structure=&#8220;1_2,1_2&#8243; _builder_version=&#8220;4.27.0&#8243; _module_preset=&#8220;635bb1f2-a0f6-4e42-a54c-529fd39d1c9b&#8220; global_colors_info=&#8220;{}&#8220;][et_pb_column type=&#8220;1_2&#8243; _builder_version=&#8220;4.27.0&#8243; _module_preset=&#8220;754dc971-bcda-45e7-97b5-3cbc8f17659b&#8220; global_colors_info=&#8220;{}&#8220;][et_pb_text _builder_version=&#8220;4.27.0&#8243; _module_preset=&#8220;003ab705-6913-4c58-8975-c958f01ea299&#8243; text_orientation=&#8220;center&#8220; custom_css_main_element=&#8220;align-items: center;&#8220; global_colors_info=&#8220;{}&#8220;]<\/p>\n<h3>Trainings<\/h3>\n<p>[\/et_pb_text][et_pb_image src=&#8220;https:\/\/gagschola.ch\/wp-content\/uploads\/2024\/09\/GAGS_picto-entrainement-copie-1.png&#8220; title_text=&#8220;GAGS_picto-training Kopie&#8220; align=&#8220;center&#8220; _builder_version=&#8220;4.27.0&#8243; _module_preset=&#8220;default&#8220; width=&#8220;20%&#8220; width_tablet=&#8220;20%&#8220; width_phone=&#8220;30%&#8220; width_last_edited=&#8220;on|phone&#8220; global_colors_info=&#8220;{}&#8220;][\/et_pb_image][et_pb_text _builder_version=&#8220;4.27.0&#8243; _module_preset=&#8220;003ab705-6913-4c58-8975-c958f01ea299&#8243; text_orientation=&#8220;center&#8220; custom_css_main_element=&#8220;align-items: center;&#8220; global_colors_info=&#8220;{}&#8220;]<\/p>\n<p>Unser Verein bietet zwei Trainingseinheiten in historischen europ\u00e4ischen Kampfk\u00fcnsten pro Woche an, jeweils am Montag- und Donnerstagabend.<\/p>\n<p>[\/et_pb_text][et_pb_button button_url=&#8220;@ET-DC@eyJkeW5hbWljIjp0cnVlLCJjb250ZW50IjoicG9zdF9saW5rX3VybF9wYWdlIiwic2V0dGluZ3MiOnsicG9zdF9pZCI6IjI5MDM4In19@&#8220; button_text=&#8220;Weitere Informationen&#8220; _builder_version=&#8220;4.27.0&#8243; _dynamic_attributes=&#8220;button_url&#8220; _module_preset=&#8220;default&#8220; custom_css_main_element=&#8220;align-items: center;&#8220; global_colors_info=&#8220;{}&#8220;][\/et_pb_button][\/et_pb_column][et_pb_column type=&#8220;1_2&#8243; _builder_version=&#8220;4.27.0&#8243; _module_preset=&#8220;754dc971-bcda-45e7-97b5-3cbc8f17659b&#8220; global_colors_info=&#8220;{}&#8220;][et_pb_text _builder_version=&#8220;4.27.0&#8243; _module_preset=&#8220;003ab705-6913-4c58-8975-c958f01ea299&#8243; text_orientation=&#8220;center&#8220; hover_enabled=&#8220;0&#8243; global_colors_info=&#8220;{}&#8220; sticky_enabled=&#8220;0&#8243;]<\/p>\n<h3>Kulturelle Aktivit\u00e4ten<\/h3>\n<p>Die Universit\u00e4t Genf bietet ein Programm kultureller Aktivit\u00e4ten an, an dem GAGSchola teilnimmt, indem sie Studenten der Genfer Hochschulen die Teilnahme am Training des Vereins anbietet. Wenn Sie uns \u00fcber die kulturellen Aktivit\u00e4ten der Unige beitreten, haben Sie Zugang zu allen Aktivit\u00e4ten von GAGSchola und k\u00f6nnen ohne zus\u00e4tzliche Kosten Mitglied werden.<\/p>\n<p>[\/et_pb_text][et_pb_button button_url=&#8220;https:\/\/www.unige.ch\/dife\/culture\/activites\/th%C3%A9%C3%A2tre\/jeu-darmes&#8220; url_new_window=&#8220;on&#8220; button_text=&#8220;Weitere Informationen&#8220; _builder_version=&#8220;4.27.0&#8243; _module_preset=&#8220;07cb1f77-c773-45e7-a164-d6279e040587&#8243; global_colors_info=&#8220;{}&#8220;][\/et_pb_button][\/et_pb_column][\/et_pb_row][et_pb_row column_structure=&#8220;1_2,1_2&#8243; _builder_version=&#8220;4.27.0&#8243; _module_preset=&#8220;635bb1f2-a0f6-4e42-a54c-529fd39d1c9b&#8220; custom_margin=&#8220;13px|auto||525px|false|false&#8220; global_colors_info=&#8220;{}&#8220;][et_pb_column type=&#8220;1_2&#8243; _builder_version=&#8220;4.27.0&#8243; _module_preset=&#8220;754dc971-bcda-45e7-97b5-3cbc8f17659b&#8220; global_colors_info=&#8220;{}&#8220;][et_pb_text _builder_version=&#8220;4.27.0&#8243; _module_preset=&#8220;003ab705-6913-4c58-8975-c958f01ea299&#8243; text_orientation=&#8220;center&#8220; custom_css_main_element=&#8220;align-items: center;&#8220; global_colors_info=&#8220;{}&#8220;]<\/p>\n<h3>AMHE-Veranstaltungen<\/h3>\n<p>Wir sind aktiv in der Organisation und Teilnahme an verschiedenen Veranstaltungen innerhalb der schweizerischen und internationalen AMHE-Gemeinschaften. Untenstehend finden Sie die Statuten unseres Vereins, die in ihrer aktuellen Fassung von der Generalversammlung am 19. Dezember 2023 angenommen wurden.<\/p>\n<p>[\/et_pb_text][et_pb_button button_url=&#8220;@ET-DC@eyJkeW5hbWljIjp0cnVlLCJjb250ZW50IjoicG9zdF9saW5rX3VybF9wYWdlIiwic2V0dGluZ3MiOnsicG9zdF9pZCI6IjI5MDU5In19@&#8220; button_text=&#8220;Weitere Informationen&#8220; _builder_version=&#8220;4.27.0&#8243; _dynamic_attributes=&#8220;button_url&#8220; _module_preset=&#8220;default&#8220; custom_css_main_element=&#8220;align-items: center;&#8220; global_colors_info=&#8220;{}&#8220;][\/et_pb_button][\/et_pb_column][et_pb_column type=&#8220;1_2&#8243; _builder_version=&#8220;4.27.0&#8243; _module_preset=&#8220;754dc971-bcda-45e7-97b5-3cbc8f17659b&#8220; global_colors_info=&#8220;{}&#8220;][et_pb_text _builder_version=&#8220;4.27.0&#8243; _module_preset=&#8220;003ab705-6913-4c58-8975-c958f01ea299&#8243; text_orientation=&#8220;center&#8220; global_colors_info=&#8220;{}&#8220;]<\/p>\n<h3>Kulturvermittlung  <\/h3>\n<p>Unsere Aktivit\u00e4ten im Bereich der kulturellen Vermittlung an die breite \u00d6ffentlichkeit zielen darauf ab, AMHE zu f\u00f6rdern. Wir bieten auch Aktivit\u00e4ten f\u00fcr die breite \u00d6ffentlichkeit an, insbesondere im Rahmen von Veranstaltungen mit historischem Schwerpunkt oder innerhalb von kulturellen Einrichtungen. Erfahren Sie mehr \u00fcber unsere bisherigen und zuk\u00fcnftigen Aktivit\u00e4ten! <\/p>\n<p>[\/et_pb_text][et_pb_button button_url=&#8220;@ET-DC@eyJkeW5hbWljIjp0cnVlLCJjb250ZW50IjoicG9zdF9saW5rX3VybF9wYWdlIiwic2V0dGluZ3MiOnsicG9zdF9pZCI6IjI5MDU5In19@&#8220; button_text=&#8220;Weitere Informationen&#8220; _builder_version=&#8220;4.27.0&#8243; _dynamic_attributes=&#8220;button_url&#8220; _module_preset=&#8220;default&#8220; global_colors_info=&#8220;{}&#8220;][\/et_pb_button][\/et_pb_column][\/et_pb_row][\/et_pb_section][et_pb_section fb_built=&#8220;1&#8243; _builder_version=&#8220;4.27.0&#8243; _module_preset=&#8220;6ef7bc72-25c3-449b-9136-498fd8f02720&#8243; background_image=&#8220;https:\/\/gagschola.ch\/wp-content\/uploads\/2024\/09\/Meyer_1570_Sword_A_couleur.jpg&#8220; background_enable_image=&#8220;on&#8220; global_colors_info=&#8220;{}&#8220;][et_pb_row _builder_version=&#8220;4.27.0&#8243; _module_preset=&#8220;default&#8220; global_colors_info=&#8220;{}&#8220;][et_pb_column type=&#8220;4_4&#8243; _builder_version=&#8220;4.27.0&#8243; _module_preset=&#8220;default&#8220; global_colors_info=&#8220;{}&#8220;][\/et_pb_column][\/et_pb_row][\/et_pb_section]<\/p>\n","protected":false},"excerpt":{"rendered":"<p>Unsere Aktivit\u00e4tenTrainingsUnser Verein bietet zwei Trainingseinheiten in historischen europ\u00e4ischen Kampfk\u00fcnsten pro Woche an, jeweils am Montag- und Donnerstagabend.Kulturelle Aktivit\u00e4ten Die Universit\u00e4t Genf bietet ein Programm kultureller Aktivit\u00e4ten an, an dem GAGSchola teilnimmt, indem sie Studenten der Genfer Hochschulen die Teilnahme am Training des Vereins anbietet. Wenn Sie uns \u00fcber die kulturellen Aktivit\u00e4ten der Unige beitreten, [&hellip;]<\/p>\n","protected":false},"author":1,"featured_media":0,"parent":0,"menu_order":0,"comment_status":"closed","ping_status":"closed","template":"","meta":{"_et_pb_use_builder":"on","_et_pb_old_content":"","_et_gb_content_width":"","footnotes":""},"class_list":["post-29741","page","type-page","status-publish","hentry"],"_links":{"self":[{"href":"https:\/\/gagschola.ch\/de\/wp-json\/wp\/v2\/pages\/29741","targetHints":{"allow":["GET"]}}],"collection":[{"href":"https:\/\/gagschola.ch\/de\/wp-json\/wp\/v2\/pages"}],"about":[{"href":"https:\/\/gagschola.ch\/de\/wp-json\/wp\/v2\/types\/page"}],"author":[{"embeddable":true,"href":"https:\/\/gagschola.ch\/de\/wp-json\/wp\/v2\/users\/1"}],"replies":[{"embeddable":true,"href":"https:\/\/gagschola.ch\/de\/wp-json\/wp\/v2\/comments?post=29741"}],"version-history":[{"count":3,"href":"https:\/\/gagschola.ch\/de\/wp-json\/wp\/v2\/pages\/29741\/revisions"}],"predecessor-version":[{"id":29963,"href":"https:\/\/gagschola.ch\/de\/wp-json\/wp\/v2\/pages\/29741\/revisions\/29963"}],"wp:attachment":[{"href":"https:\/\/gagschola.ch\/de\/wp-json\/wp\/v2\/media?parent=29741"}],"curies":[{"name":"wp","href":"https:\/\/api.w.org\/{rel}","templated":true}]}}