{"id":29747,"date":"2024-09-14T17:30:41","date_gmt":"2024-09-14T15:30:41","guid":{"rendered":"https:\/\/gagschola.ch\/die-vereinigung\/"},"modified":"2025-03-23T17:48:47","modified_gmt":"2025-03-23T16:48:47","slug":"die-vereinigung","status":"publish","type":"page","link":"https:\/\/gagschola.ch\/de\/die-vereinigung\/","title":{"rendered":"Die Vereinigung"},"content":{"rendered":"<p>[et_pb_section fb_built=&#8220;1&#8243; _builder_version=&#8220;4.27.0&#8243; _module_preset=&#8220;6ef7bc72-25c3-449b-9136-498fd8f02720&#8243; background_image=&#8220;https:\/\/gagschola.ch\/wp-content\/uploads\/2024\/09\/GAGS_Meyer_1570_Dagger_B_1-scaled.jpg&#8220; background_enable_image=&#8220;on&#8220; global_colors_info=&#8220;{}&#8220;][et_pb_row _builder_version=&#8220;4.27.0&#8243; _module_preset=&#8220;bc5e98b6-7f38-469f-9263-5af7d493ab7f&#8220; custom_margin_tablet=&#8220;&#8220; custom_margin_phone=&#8220;&#8220; custom_margin_last_edited=&#8220;on|phone&#8220; global_colors_info=&#8220;{}&#8220;][et_pb_column type=&#8220;4_4&#8243; _builder_version=&#8220;4.27.0&#8243; _module_preset=&#8220;default&#8220; global_colors_info=&#8220;{}&#8220;][et_pb_text _builder_version=&#8220;4.27.0&#8243; _module_preset=&#8220;0f6de4c6-e382-4d16-97eb-626c06537d32&#8243; text_text_color_tablet=&#8220;&#8220; text_text_color_phone=&#8220;&#8220; text_text_color_last_edited=&#8220;on|phone&#8220; global_colors_info=&#8220;{}&#8220;]<\/p>\n<h1>Vorstellung der Vereinigung<\/h1>\n<p>[\/et_pb_text][\/et_pb_column][\/et_pb_row][\/et_pb_section][et_pb_section fb_built=&#8220;1&#8243; _builder_version=&#8220;4.27.0&#8243; _module_preset=&#8220;cd1ce83c-cc4f-4e3e-ad06-4ab134dbb6bd&#8220; global_colors_info=&#8220;{}&#8220;][et_pb_row column_structure=&#8220;1_2,1_2&#8243; _builder_version=&#8220;4.27.0&#8243; _module_preset=&#8220;b90011a5-e020-411c-a157-a014adb8612e&#8220; global_colors_info=&#8220;{}&#8220;][et_pb_column type=&#8220;1_2&#8243; _builder_version=&#8220;4.27.0&#8243; _module_preset=&#8220;default&#8220; global_colors_info=&#8220;{}&#8220;][et_pb_text _builder_version=&#8220;4.27.0&#8243; _module_preset=&#8220;003ab705-6913-4c58-8975-c958f01ea299&#8243; hover_enabled=&#8220;0&#8243; text_font_tablet=&#8220;&#8220; text_font_phone=&#8220;&#8220; text_font_last_edited=&#8220;on|phone&#8220; global_colors_info=&#8220;{}&#8220; sticky_enabled=&#8220;0&#8243;]<\/p>\n<h2>Gr\u00fcndung der Vereinigung<\/h2>\n<p>GAGSchola, kurz f\u00fcr Gebennensis Artium Gladiatorium Schola, ist ein Verein, der 2009 von geschichtsbegeisterten Studenten der Universit\u00e4t Genf gegr\u00fcndet wurde.<br \/>\nIhr und unser Ziel war es, eine offene, partizipative Struktur zu schaffen, die sich dem Studium und der Praxis der historischen europ\u00e4ischen Kampfk\u00fcnste (AMHE) widmet.<br \/>\nHeute setzen wir diese integrative Vision der AMHE fort, in der das Wissen nicht nur einem, sondern allen vorbehalten ist!  <\/p>\n<p>[\/et_pb_text][\/et_pb_column][et_pb_column type=&#8220;1_2&#8243; _builder_version=&#8220;4.27.0&#8243; _module_preset=&#8220;default&#8220; global_colors_info=&#8220;{}&#8220;][et_pb_image src=&#8220;https:\/\/gagschola.ch\/wp-content\/uploads\/2024\/09\/MS_Germ-Quart.png&#8220; title_text=&#8220;MS_Germ-Quart&#8220; _builder_version=&#8220;4.27.0&#8243; _module_preset=&#8220;default&#8220; global_colors_info=&#8220;{}&#8220;][\/et_pb_image][\/et_pb_column][\/et_pb_row][et_pb_row column_structure=&#8220;1_2,1_2&#8243; _builder_version=&#8220;4.27.0&#8243; _module_preset=&#8220;b90011a5-e020-411c-a157-a014adb8612e&#8220; global_colors_info=&#8220;{}&#8220;][et_pb_column type=&#8220;1_2&#8243; _builder_version=&#8220;4.27.0&#8243; _module_preset=&#8220;default&#8220; global_colors_info=&#8220;{}&#8220;][et_pb_image src=&#8220;https:\/\/gagschola.ch\/wp-content\/uploads\/2024\/09\/MS_Chart-A-558_018r_2.jpg&#8220; title_text=&#8220;MS_Chart-A-558_018r_2&#8243; align=&#8220;center&#8220; disabled_on=&#8220;on|on|off&#8220; _builder_version=&#8220;4.27.0&#8243; _module_preset=&#8220;default&#8220; global_colors_info=&#8220;{}&#8220;][\/et_pb_image][\/et_pb_column][et_pb_column type=&#8220;1_2&#8243; _builder_version=&#8220;4.27.0&#8243; _module_preset=&#8220;default&#8220; global_colors_info=&#8220;{}&#8220;][et_pb_text _builder_version=&#8220;4.27.0&#8243; _module_preset=&#8220;003ab705-6913-4c58-8975-c958f01ea299&#8243; global_colors_info=&#8220;{}&#8220;]<\/p>\n<h2>AMHE<\/h2>\n<p>Die historischen europ\u00e4ischen Kampfk\u00fcnste, oder AMHE, sind eine gro\u00dfe Gruppe von Kampfpraktiken europ\u00e4ischen Ursprungs, deren \u00dcberlieferung im Laufe der Zeit unterbrochen wurde.<br \/>\nDie moderne Praxis der AMHE besteht daher in der Rekonstruktion von Kampfhandlungen anhand von historischen Text- und Bildquellen.<br \/>\nDiese Quellen werden transkribiert, \u00fcbersetzt und dann in einem experimentellen arch\u00e4ologischen Ansatz interpretiert, um zu verstehen, wie fr\u00fcher in verschiedenen Kontexten mit einer Vielzahl von Waffen und Techniken gek\u00e4mpft wurde.  <\/p>\n<p>[\/et_pb_text][et_pb_image src=&#8220;https:\/\/gagschola.ch\/wp-content\/uploads\/2024\/09\/MS_Chart-A-558_018r_2.jpg&#8220; title_text=&#8220;MS_Chart-A-558_018r_2&#8243; align=&#8220;center&#8220; disabled_on=&#8220;off|off|on&#8220; _builder_version=&#8220;4.27.0&#8243; _module_preset=&#8220;default&#8220; global_colors_info=&#8220;{}&#8220;][\/et_pb_image][\/et_pb_column][\/et_pb_row][et_pb_row column_structure=&#8220;1_2,1_2&#8243; _builder_version=&#8220;4.27.0&#8243; _module_preset=&#8220;b90011a5-e020-411c-a157-a014adb8612e&#8220; global_colors_info=&#8220;{}&#8220;][et_pb_column type=&#8220;1_2&#8243; _builder_version=&#8220;4.27.0&#8243; _module_preset=&#8220;default&#8220; global_colors_info=&#8220;{}&#8220;][et_pb_text _builder_version=&#8220;4.27.0&#8243; _module_preset=&#8220;003ab705-6913-4c58-8975-c958f01ea299&#8243; global_colors_info=&#8220;{}&#8220;]<\/p>\n<h2>Philosophie<\/h2>\n<p>Unser AMHE-Ansatz ist so partizipativ und integrativ wie m\u00f6glich: Jeder ist eingeladen, zum Studium von Quellen beizutragen, die Interpretation von Techniken vorzuschlagen und zu diskutieren oder Trainingseinheiten zu leiten, je nach Motivation und F\u00e4higkeiten.<br \/>\nWir verfolgen einen horizontalen Ansatz, um die pers\u00f6nliche Beteiligung und konstruktive Diskussionen unter Gleichgesinnten zu f\u00f6rdern. <\/p>\n<p>[\/et_pb_text][\/et_pb_column][et_pb_column type=&#8220;1_2&#8243; _builder_version=&#8220;4.27.0&#8243; _module_preset=&#8220;default&#8220; global_colors_info=&#8220;{}&#8220;][et_pb_image src=&#8220;https:\/\/gagschola.ch\/wp-content\/uploads\/2024\/09\/Cgm_582_092r.png&#8220; title_text=&#8220;Cgm_582_092r&#8220; align=&#8220;center&#8220; _builder_version=&#8220;4.27.0&#8243; _module_preset=&#8220;default&#8220; global_colors_info=&#8220;{}&#8220;][\/et_pb_image][\/et_pb_column][\/et_pb_row][\/et_pb_section][et_pb_section fb_built=&#8220;1&#8243; module_id=&#8220;Satzung-Reglement&#8220; _builder_version=&#8220;4.27.0&#8243; _module_preset=&#8220;6ef7bc72-25c3-449b-9136-498fd8f02720&#8243; background_image=&#8220;https:\/\/gagschola.ch\/wp-content\/uploads\/2024\/09\/GAGS_Meyer_1570_Dagger_B_2-scaled.jpg&#8220; background_enable_image=&#8220;on&#8220; global_colors_info=&#8220;{}&#8220;][et_pb_row _builder_version=&#8220;4.27.0&#8243; _module_preset=&#8220;bc5e98b6-7f38-469f-9263-5af7d493ab7f&#8220; global_colors_info=&#8220;{}&#8220;][et_pb_column type=&#8220;4_4&#8243; _builder_version=&#8220;4.27.0&#8243; _module_preset=&#8220;default&#8220; global_colors_info=&#8220;{}&#8220;][et_pb_text _builder_version=&#8220;4.27.0&#8243; _module_preset=&#8220;0f6de4c6-e382-4d16-97eb-626c06537d32&#8243; global_colors_info=&#8220;{}&#8220;]<\/p>\n<h1>Satzung und Verordnung<\/h1>\n<h2>Die Struktur, die unsere Aktivit\u00e4ten leitet<\/h2>\n<p>[\/et_pb_text][\/et_pb_column][\/et_pb_row][\/et_pb_section][et_pb_section fb_built=&#8220;1&#8243; _builder_version=&#8220;4.27.0&#8243; _module_preset=&#8220;cd1ce83c-cc4f-4e3e-ad06-4ab134dbb6bd&#8220; custom_padding=&#8220;||||false|false&#8220; global_colors_info=&#8220;{}&#8220;][et_pb_row column_structure=&#8220;1_2,1_2&#8243; _builder_version=&#8220;4.27.0&#8243; _module_preset=&#8220;635bb1f2-a0f6-4e42-a54c-529fd39d1c9b&#8220; global_colors_info=&#8220;{}&#8220;][et_pb_column type=&#8220;1_2&#8243; _builder_version=&#8220;4.27.0&#8243; _module_preset=&#8220;754dc971-bcda-45e7-97b5-3cbc8f17659b&#8220; global_colors_info=&#8220;{}&#8220;][et_pb_text _builder_version=&#8220;4.27.0&#8243; _module_preset=&#8220;003ab705-6913-4c58-8975-c958f01ea299&#8243; text_orientation=&#8220;center&#8220; custom_css_main_element=&#8220;align-items: center;&#8220; global_colors_info=&#8220;{}&#8220;]<\/p>\n<h3>Satzung<\/h3>\n<p>Nachstehend finden Sie die Satzung unserer Vereinigung, deren aktuelle Fassung auf der Generalversammlung am 19. Dezember 2023 angenommen wurde.<\/p>\n<p>[\/et_pb_text][et_pb_button button_url=&#8220;@ET-DC@eyJkeW5hbWljIjp0cnVlLCJjb250ZW50IjoicG9zdF9saW5rX3VybF9hdHRhY2htZW50Iiwic2V0dGluZ3MiOnsicG9zdF9pZCI6IjI4OTg3In19@&#8220; url_new_window=&#8220;on&#8220; button_text=&#8220;Download der Statuten&#8220; _builder_version=&#8220;4.27.0&#8243; _dynamic_attributes=&#8220;button_url&#8220; _module_preset=&#8220;07cb1f77-c773-45e7-a164-d6279e040587&#8243; custom_css_main_element=&#8220;align-items: center;&#8220; global_colors_info=&#8220;{}&#8220;][\/et_pb_button][\/et_pb_column][et_pb_column type=&#8220;1_2&#8243; _builder_version=&#8220;4.27.0&#8243; _module_preset=&#8220;754dc971-bcda-45e7-97b5-3cbc8f17659b&#8220; global_colors_info=&#8220;{}&#8220;][et_pb_text _builder_version=&#8220;4.27.0&#8243; _module_preset=&#8220;003ab705-6913-4c58-8975-c958f01ea299&#8243; text_orientation=&#8220;center&#8220; global_colors_info=&#8220;{}&#8220;]<\/p>\n<h3>Verordnung<\/h3>\n<p>Unsere Gesch\u00e4ftsordnung wurde eingef\u00fchrt, um eine sichere, respektvolle und bereichernde Umgebung f\u00fcr alle Mitglieder zu gew\u00e4hrleisten.<br \/>\nIhre Annahme ist eine obligatorische Voraussetzung f\u00fcr die Teilnahme an unseren Aktivit\u00e4ten. <\/p>\n<p>[\/et_pb_text][et_pb_button button_url=&#8220;@ET-DC@eyJkeW5hbWljIjp0cnVlLCJjb250ZW50IjoicG9zdF9saW5rX3VybF9hdHRhY2htZW50Iiwic2V0dGluZ3MiOnsicG9zdF9pZCI6IjI4OTg4In19@&#8220; url_new_window=&#8220;on&#8220; button_text=&#8220;Download der Verordnung&#8220; _builder_version=&#8220;4.27.0&#8243; _dynamic_attributes=&#8220;button_url&#8220; _module_preset=&#8220;default&#8220; global_colors_info=&#8220;{}&#8220;][\/et_pb_button][\/et_pb_column][\/et_pb_row][\/et_pb_section][et_pb_section fb_built=&#8220;1&#8243; module_id=&#8220;uns beitreten&#8220; _builder_version=&#8220;4.27.0&#8243; _module_preset=&#8220;6ef7bc72-25c3-449b-9136-498fd8f02720&#8243; background_image=&#8220;https:\/\/gagschola.ch\/wp-content\/uploads\/2024\/09\/GAGS_Meyer_1570_Dagger_B_3-scaled.jpg&#8220; background_enable_image=&#8220;on&#8220; global_colors_info=&#8220;{}&#8220;][et_pb_row _builder_version=&#8220;4.27.0&#8243; _module_preset=&#8220;bc5e98b6-7f38-469f-9263-5af7d493ab7f&#8220; global_colors_info=&#8220;{}&#8220;][et_pb_column type=&#8220;4_4&#8243; _builder_version=&#8220;4.27.0&#8243; _module_preset=&#8220;default&#8220; global_colors_info=&#8220;{}&#8220;][et_pb_text _builder_version=&#8220;4.27.0&#8243; _module_preset=&#8220;0f6de4c6-e382-4d16-97eb-626c06537d32&#8243; global_colors_info=&#8220;{}&#8220;]<\/p>\n<h1>Wie Sie uns erreichen<\/h1>\n<h2>Werden Sie Teil unseres Abenteuers<\/h2>\n<p>[\/et_pb_text][\/et_pb_column][\/et_pb_row][\/et_pb_section][et_pb_section fb_built=&#8220;1&#8243; _builder_version=&#8220;4.27.0&#8243; _module_preset=&#8220;cd1ce83c-cc4f-4e3e-ad06-4ab134dbb6bd&#8220; global_colors_info=&#8220;{}&#8220;][et_pb_row column_structure=&#8220;1_2,1_2&#8243; _builder_version=&#8220;4.27.0&#8243; _module_preset=&#8220;b90011a5-e020-411c-a157-a014adb8612e&#8220; global_colors_info=&#8220;{}&#8220;][et_pb_column type=&#8220;1_2&#8243; _builder_version=&#8220;4.27.0&#8243; _module_preset=&#8220;default&#8220; global_colors_info=&#8220;{}&#8220;][et_pb_text _builder_version=&#8220;4.27.0&#8243; _module_preset=&#8220;003ab705-6913-4c58-8975-c958f01ea299&#8243; global_colors_info=&#8220;{}&#8220;]<\/p>\n<h3 style=\"text-align: left;\">Sind Sie an unseren Aktivit\u00e4ten und unserem Ansatz interessiert?<\/h3>\n<h6 style=\"text-align: left;\"><\/h6>\n<h6 style=\"text-align: left;\">Sie k\u00f6nnen jederzeit w\u00e4hrend des Schuljahres beitreten und zwei unverbindliche Probewochen in Anspruch nehmen.<br \/>\nAlle notwendigen Materialien werden zur Verf\u00fcgung gestellt. <\/h6>\n<p>[\/et_pb_text][\/et_pb_column][et_pb_column type=&#8220;1_2&#8243; _builder_version=&#8220;4.27.0&#8243; _module_preset=&#8220;default&#8220; global_colors_info=&#8220;{}&#8220;][et_pb_text _builder_version=&#8220;4.27.0&#8243; _module_preset=&#8220;003ab705-6913-4c58-8975-c958f01ea299&#8243; global_colors_info=&#8220;{}&#8220;]<\/p>\n<p style=\"text-align: left;\">Der Jahresbeitrag f\u00fcr ordentliche Mitglieder betr\u00e4gt derzeit CHF 120,- und ist halbj\u00e4hrlich zu zahlen.<br \/>Sie k\u00f6nnen uns ganz einfach beitreten, indem Sie uns \u00fcber das Kontaktformular schreiben.<br \/>\nWir werden Ihnen alle notwendigen Informationen zukommen lassen. <\/p>\n<p>[\/et_pb_text][et_pb_button button_url=&#8220;@ET-DC@eyJkeW5hbWljIjp0cnVlLCJjb250ZW50IjoicG9zdF9saW5rX3VybF9wYWdlIiwic2V0dGluZ3MiOnsicG9zdF9pZCI6IjI5MDY5In19@&#8220; button_text=&#8220;Kontaktieren Sie uns&#8220; button_alignment=&#8220;left&#8220; _builder_version=&#8220;4.27.0&#8243; _dynamic_attributes=&#8220;button_url&#8220; _module_preset=&#8220;default&#8220; global_colors_info=&#8220;{}&#8220;][\/et_pb_button][\/et_pb_column][\/et_pb_row][\/et_pb_section][et_pb_section fb_built=&#8220;1&#8243; _builder_version=&#8220;4.27.0&#8243; _module_preset=&#8220;6ef7bc72-25c3-449b-9136-498fd8f02720&#8243; background_image=&#8220;https:\/\/gagschola.ch\/wp-content\/uploads\/2024\/09\/GAGS_Meyer_1570_Dagger_B_4-scaled.jpg&#8220; background_enable_image=&#8220;on&#8220; min_height=&#8220;130px&#8220; custom_padding=&#8220;0px||0px||false|false&#8220; global_colors_info=&#8220;{}&#8220;][\/et_pb_section]<\/p>\n","protected":false},"excerpt":{"rendered":"<p>Vorstellung der VereinigungGr\u00fcndung der Vereinigung GAGSchola, kurz f\u00fcr Gebennensis Artium Gladiatorium Schola, ist ein Verein, der 2009 von geschichtsbegeisterten Studenten der Universit\u00e4t Genf gegr\u00fcndet wurde. Ihr und unser Ziel war es, eine offene, partizipative Struktur zu schaffen, die sich dem Studium und der Praxis der historischen europ\u00e4ischen Kampfk\u00fcnste (AMHE) widmet. Heute setzen wir diese integrative [&hellip;]<\/p>\n","protected":false},"author":1,"featured_media":0,"parent":0,"menu_order":0,"comment_status":"closed","ping_status":"closed","template":"","meta":{"_et_pb_use_builder":"on","_et_pb_old_content":"","_et_gb_content_width":"","footnotes":""},"class_list":["post-29747","page","type-page","status-publish","hentry"],"_links":{"self":[{"href":"https:\/\/gagschola.ch\/de\/wp-json\/wp\/v2\/pages\/29747","targetHints":{"allow":["GET"]}}],"collection":[{"href":"https:\/\/gagschola.ch\/de\/wp-json\/wp\/v2\/pages"}],"about":[{"href":"https:\/\/gagschola.ch\/de\/wp-json\/wp\/v2\/types\/page"}],"author":[{"embeddable":true,"href":"https:\/\/gagschola.ch\/de\/wp-json\/wp\/v2\/users\/1"}],"replies":[{"embeddable":true,"href":"https:\/\/gagschola.ch\/de\/wp-json\/wp\/v2\/comments?post=29747"}],"version-history":[{"count":5,"href":"https:\/\/gagschola.ch\/de\/wp-json\/wp\/v2\/pages\/29747\/revisions"}],"predecessor-version":[{"id":29917,"href":"https:\/\/gagschola.ch\/de\/wp-json\/wp\/v2\/pages\/29747\/revisions\/29917"}],"wp:attachment":[{"href":"https:\/\/gagschola.ch\/de\/wp-json\/wp\/v2\/media?parent=29747"}],"curies":[{"name":"wp","href":"https:\/\/api.w.org\/{rel}","templated":true}]}}