{"id":29748,"date":"2024-09-15T23:03:49","date_gmt":"2024-09-15T21:03:49","guid":{"rendered":"https:\/\/gagschola.ch\/bibliothek\/"},"modified":"2024-10-11T13:58:36","modified_gmt":"2024-10-11T11:58:36","slug":"bibliothek","status":"publish","type":"page","link":"https:\/\/gagschola.ch\/de\/bibliothek\/","title":{"rendered":"Bibliothek"},"content":{"rendered":"<p>[et_pb_section fb_built=&#8220;1&#8243; _builder_version=&#8220;4.27.0&#8243; _module_preset=&#8220;6ef7bc72-25c3-449b-9136-498fd8f02720&#8243; background_image=&#8220;https:\/\/gagschola.ch\/wp-content\/uploads\/2024\/09\/bibliotheque.jpg&#8220; background_enable_image=&#8220;on&#8220; global_colors_info=&#8220;{}&#8220;][et_pb_row _builder_version=&#8220;4.27.0&#8243; _module_preset=&#8220;default&#8220; global_colors_info=&#8220;{}&#8220;][et_pb_column type=&#8220;4_4&#8243; _builder_version=&#8220;4.27.0&#8243; _module_preset=&#8220;default&#8220; global_colors_info=&#8220;{}&#8220;][et_pb_text _builder_version=&#8220;4.27.0&#8243; _module_preset=&#8220;0f6de4c6-e382-4d16-97eb-626c06537d32&#8243; global_colors_info=&#8220;{}&#8220;]<\/p>\n<h1>Notre biblioth\u00e8que<\/h1>\n<p>[\/et_pb_text][\/et_pb_column][\/et_pb_row][\/et_pb_section][et_pb_section fb_built=&#8220;1&#8243; _builder_version=&#8220;4.27.0&#8243; _module_preset=&#8220;default&#8220; custom_padding=&#8220;25px||50px||false|false&#8220; global_colors_info=&#8220;{}&#8220;][et_pb_row column_structure=&#8220;3_5,2_5&#8243; custom_padding_last_edited=&#8220;on|phone&#8220; _builder_version=&#8220;4.27.0&#8243; _module_preset=&#8220;b90011a5-e020-411c-a157-a014adb8612e&#8220; custom_padding_tablet=&#8220;&#8220; custom_padding_phone=&#8220;25px|10px||10px|false|false&#8220; global_colors_info=&#8220;{}&#8220;][et_pb_column type=&#8220;3_5&#8243; _builder_version=&#8220;4.27.0&#8243; _module_preset=&#8220;default&#8220; global_colors_info=&#8220;{}&#8220;][et_pb_image src=&#8220;https:\/\/gagschola.ch\/wp-content\/uploads\/2024\/09\/livre_Joachim-Meyer.png&#8220; title_text=&#8220;livre_Joachim-Meyer&#8220; _builder_version=&#8220;4.27.0&#8243; _module_preset=&#8220;default&#8220; global_colors_info=&#8220;{}&#8220;][\/et_pb_image][\/et_pb_column][et_pb_column type=&#8220;2_5&#8243; _builder_version=&#8220;4.27.0&#8243; _module_preset=&#8220;_initial&#8220; global_colors_info=&#8220;{}&#8220;][et_pb_text _builder_version=&#8220;4.27.0&#8243; _module_preset=&#8220;default&#8220; global_colors_info=&#8220;{}&#8220;]<\/p>\n<p style=\"text-align: left;\">Vous trouverez ci-dessous l\u2019ensemble des travaux li\u00e9s aux AMHE produits dans le cadre des activit\u00e9s de GAGSchola.<br \/>Voici \u00e9galement les liens vers des r\u00e9pertoires de sources \u00e0 consulter :<\/p>\n<p>[\/et_pb_text][et_pb_button button_url=&#8220;https:\/\/wiktenauer.com\/&#8220; button_text=&#8220;Wiktenauer&#8220; button_alignment=&#8220;left&#8220; button_alignment_tablet=&#8220;left&#8220; button_alignment_phone=&#8220;left&#8220; button_alignment_last_edited=&#8220;on|tablet&#8220; _builder_version=&#8220;4.27.0&#8243; _module_preset=&#8220;default&#8220; custom_margin_tablet=&#8220;&#8220; custom_margin_phone=&#8220;30px||||false|false&#8220; custom_margin_last_edited=&#8220;on|phone&#8220; custom_padding_phone=&#8220;5px||||false|true&#8220; global_colors_info=&#8220;{}&#8220;][\/et_pb_button][et_pb_button button_url=&#8220;https:\/\/www.ffamhe.fr\/wiki\/Accueil&#8220; button_text=&#8220;Wiki de la F\u00e9d\u00e9ration fran\u00e7aise des AMHE&#8220; button_alignment=&#8220;left&#8220; button_text_tablet=&#8220;Wiki de la F\u00e9d\u00e9ration fran\u00e7aise des AMHE&#8220; button_text_phone=&#8220;Wiki F\u00e9d\u00e9ration FR AMHE&#8220; button_text_last_edited=&#8220;on|phone&#8220; button_alignment_tablet=&#8220;left&#8220; button_alignment_phone=&#8220;left&#8220; button_alignment_last_edited=&#8220;on|phone&#8220; _builder_version=&#8220;4.27.0&#8243; _module_preset=&#8220;default&#8220; custom_margin=&#8220;||0px||false|false&#8220; custom_padding_tablet=&#8220;&#8220; custom_padding_phone=&#8220;&#8220; custom_padding_last_edited=&#8220;on|phone&#8220; global_colors_info=&#8220;{}&#8220;][\/et_pb_button][\/et_pb_column][\/et_pb_row][et_pb_row column_structure=&#8220;1_4,3_4&#8243; _builder_version=&#8220;4.27.0&#8243; _module_preset=&#8220;cd8e0d56-d1b9-4f91-baba-7bf078a1a606&#8243; custom_padding=&#8220;0px|0px|0px|0px|false|false&#8220; global_colors_info=&#8220;{}&#8220;][et_pb_column type=&#8220;1_4&#8243; _builder_version=&#8220;4.27.0&#8243; _module_preset=&#8220;default&#8220; custom_padding=&#8220;20px|20px|20px|20px|false|false&#8220; global_colors_info=&#8220;{}&#8220;][et_pb_image src=&#8220;https:\/\/gagschola.ch\/wp-content\/uploads\/2024\/09\/document-pdf.jpg&#8220; title_text=&#8220;document-pdf&#8220; align_tablet=&#8220;&#8220; align_phone=&#8220;center&#8220; align_last_edited=&#8220;on|phone&#8220; _builder_version=&#8220;4.27.0&#8243; _module_preset=&#8220;default&#8220; width_tablet=&#8220;&#8220; width_phone=&#8220;37%&#8220; width_last_edited=&#8220;on|phone&#8220; custom_margin=&#8220;0px|0px|0px|0px|false|false&#8220; custom_padding=&#8220;||0px||false|false&#8220; custom_padding_tablet=&#8220;||0px||false|false&#8220; custom_padding_phone=&#8220;||0px||false|false&#8220; custom_padding_last_edited=&#8220;on|phone&#8220; module_alignment_tablet=&#8220;&#8220; module_alignment_phone=&#8220;left&#8220; module_alignment_last_edited=&#8220;on|phone&#8220; global_colors_info=&#8220;{}&#8220;][\/et_pb_image][\/et_pb_column][et_pb_column type=&#8220;3_4&#8243; _builder_version=&#8220;4.27.0&#8243; _module_preset=&#8220;default&#8220; custom_padding=&#8220;20px||20px||false|false&#8220; global_colors_info=&#8220;{}&#8220;][et_pb_text _builder_version=&#8220;4.27.0&#8243; _module_preset=&#8220;default&#8220; global_colors_info=&#8220;{}&#8220;]<\/p>\n<h3>Titre du document<\/h3>\n<p>Description : Quo cognito Constantius ultra mortalem modum exarsit ac nequo casu idem Gallus de futuris incertus agitare quaedam conducentia saluti suae per itinera conaretur, remoti sunt omnes de industria milites agentes in civitatibus perviis.<\/p>\n<p>[\/et_pb_text][et_pb_button button_url=&#8220;https:\/\/wiktenauer.com\/&#8220; button_text=&#8220;T\u00e9l\u00e9charger le document&#8220; button_alignment=&#8220;left&#8220; _builder_version=&#8220;4.27.0&#8243; _module_preset=&#8220;default&#8220; global_colors_info=&#8220;{}&#8220;][\/et_pb_button][\/et_pb_column][\/et_pb_row][et_pb_row column_structure=&#8220;1_4,3_4&#8243; _builder_version=&#8220;4.27.0&#8243; _module_preset=&#8220;cd8e0d56-d1b9-4f91-baba-7bf078a1a606&#8243; custom_padding=&#8220;0px|0px|0px|0px|false|false&#8220; global_colors_info=&#8220;{}&#8220;][et_pb_column type=&#8220;1_4&#8243; _builder_version=&#8220;4.27.0&#8243; _module_preset=&#8220;default&#8220; custom_padding=&#8220;20px|20px|20px|20px|false|false&#8220; global_colors_info=&#8220;{}&#8220;][et_pb_image src=&#8220;https:\/\/gagschola.ch\/wp-content\/uploads\/2024\/09\/document-pdf.jpg&#8220; title_text=&#8220;document-pdf&#8220; align_tablet=&#8220;&#8220; align_phone=&#8220;center&#8220; align_last_edited=&#8220;on|phone&#8220; _builder_version=&#8220;4.27.0&#8243; _module_preset=&#8220;default&#8220; width_tablet=&#8220;&#8220; width_phone=&#8220;37%&#8220; width_last_edited=&#8220;on|phone&#8220; custom_margin=&#8220;0px|0px|0px|0px|false|false&#8220; custom_padding=&#8220;||0px||false|false&#8220; custom_padding_tablet=&#8220;||0px||false|false&#8220; custom_padding_phone=&#8220;||0px||false|false&#8220; custom_padding_last_edited=&#8220;on|phone&#8220; module_alignment_tablet=&#8220;&#8220; module_alignment_phone=&#8220;left&#8220; module_alignment_last_edited=&#8220;on|phone&#8220; global_colors_info=&#8220;{}&#8220;][\/et_pb_image][\/et_pb_column][et_pb_column type=&#8220;3_4&#8243; _builder_version=&#8220;4.27.0&#8243; _module_preset=&#8220;default&#8220; custom_padding=&#8220;20px||20px||false|false&#8220; global_colors_info=&#8220;{}&#8220;][et_pb_text _builder_version=&#8220;4.27.0&#8243; _module_preset=&#8220;default&#8220; global_colors_info=&#8220;{}&#8220;]<\/p>\n<h3>Titre du document<\/h3>\n<p>Description : Quo cognito Constantius ultra mortalem modum exarsit ac nequo casu idem Gallus de futuris incertus agitare quaedam conducentia saluti suae per itinera conaretur, remoti sunt omnes de industria milites agentes in civitatibus perviis.<\/p>\n<p>[\/et_pb_text][et_pb_button button_url=&#8220;https:\/\/wiktenauer.com\/&#8220; button_text=&#8220;T\u00e9l\u00e9charger le document&#8220; button_alignment=&#8220;left&#8220; _builder_version=&#8220;4.27.0&#8243; _module_preset=&#8220;default&#8220; global_colors_info=&#8220;{}&#8220;][\/et_pb_button][\/et_pb_column][\/et_pb_row][et_pb_row column_structure=&#8220;1_4,3_4&#8243; _builder_version=&#8220;4.27.0&#8243; _module_preset=&#8220;cd8e0d56-d1b9-4f91-baba-7bf078a1a606&#8243; custom_padding=&#8220;0px|0px|0px|0px|false|false&#8220; global_colors_info=&#8220;{}&#8220;][et_pb_column type=&#8220;1_4&#8243; _builder_version=&#8220;4.27.0&#8243; _module_preset=&#8220;default&#8220; custom_padding=&#8220;20px|20px|20px|20px|false|false&#8220; global_colors_info=&#8220;{}&#8220;][et_pb_image src=&#8220;https:\/\/gagschola.ch\/wp-content\/uploads\/2024\/09\/document-pdf.jpg&#8220; title_text=&#8220;document-pdf&#8220; align_tablet=&#8220;&#8220; align_phone=&#8220;center&#8220; align_last_edited=&#8220;on|phone&#8220; _builder_version=&#8220;4.27.0&#8243; _module_preset=&#8220;default&#8220; width_tablet=&#8220;&#8220; width_phone=&#8220;37%&#8220; width_last_edited=&#8220;on|phone&#8220; custom_margin=&#8220;0px|0px|0px|0px|false|false&#8220; custom_padding=&#8220;||0px||false|false&#8220; custom_padding_tablet=&#8220;||0px||false|false&#8220; custom_padding_phone=&#8220;||0px||false|false&#8220; custom_padding_last_edited=&#8220;on|phone&#8220; module_alignment_tablet=&#8220;&#8220; module_alignment_phone=&#8220;left&#8220; module_alignment_last_edited=&#8220;on|phone&#8220; global_colors_info=&#8220;{}&#8220;][\/et_pb_image][\/et_pb_column][et_pb_column type=&#8220;3_4&#8243; _builder_version=&#8220;4.27.0&#8243; _module_preset=&#8220;default&#8220; custom_padding=&#8220;20px||20px||false|false&#8220; global_colors_info=&#8220;{}&#8220;][et_pb_text _builder_version=&#8220;4.27.0&#8243; _module_preset=&#8220;default&#8220; global_colors_info=&#8220;{}&#8220;]<\/p>\n<h3>Titre du document<\/h3>\n<p>Description : Quo cognito Constantius ultra mortalem modum exarsit ac nequo casu idem Gallus de futuris incertus agitare quaedam conducentia saluti suae per itinera conaretur, remoti sunt omnes de industria milites agentes in civitatibus perviis.<\/p>\n<p>[\/et_pb_text][et_pb_button button_url=&#8220;https:\/\/wiktenauer.com\/&#8220; button_text=&#8220;T\u00e9l\u00e9charger le document&#8220; button_alignment=&#8220;left&#8220; _builder_version=&#8220;4.27.0&#8243; _module_preset=&#8220;default&#8220; global_colors_info=&#8220;{}&#8220;][\/et_pb_button][\/et_pb_column][\/et_pb_row][\/et_pb_section][et_pb_section fb_built=&#8220;1&#8243; _builder_version=&#8220;4.27.0&#8243; _module_preset=&#8220;6ef7bc72-25c3-449b-9136-498fd8f02720&#8243; background_image=&#8220;https:\/\/gagschola.ch\/wp-content\/uploads\/2024\/09\/bibliotheque.jpg&#8220; background_enable_image=&#8220;on&#8220; global_colors_info=&#8220;{}&#8220;][\/et_pb_section]<\/p>\n","protected":false},"excerpt":{"rendered":"<p>Notre biblioth\u00e8queVous trouverez ci-dessous l\u2019ensemble des travaux li\u00e9s aux AMHE produits dans le cadre des activit\u00e9s de GAGSchola.Voici \u00e9galement les liens vers des r\u00e9pertoires de sources \u00e0 consulter :Titre du document Description : Quo cognito Constantius ultra mortalem modum exarsit ac nequo casu idem Gallus de futuris incertus agitare quaedam conducentia saluti suae per itinera [&hellip;]<\/p>\n","protected":false},"author":1,"featured_media":0,"parent":0,"menu_order":0,"comment_status":"closed","ping_status":"closed","template":"","meta":{"_et_pb_use_builder":"on","_et_pb_old_content":"","_et_gb_content_width":"","footnotes":""},"class_list":["post-29748","page","type-page","status-publish","hentry"],"_links":{"self":[{"href":"https:\/\/gagschola.ch\/de\/wp-json\/wp\/v2\/pages\/29748","targetHints":{"allow":["GET"]}}],"collection":[{"href":"https:\/\/gagschola.ch\/de\/wp-json\/wp\/v2\/pages"}],"about":[{"href":"https:\/\/gagschola.ch\/de\/wp-json\/wp\/v2\/types\/page"}],"author":[{"embeddable":true,"href":"https:\/\/gagschola.ch\/de\/wp-json\/wp\/v2\/users\/1"}],"replies":[{"embeddable":true,"href":"https:\/\/gagschola.ch\/de\/wp-json\/wp\/v2\/comments?post=29748"}],"version-history":[{"count":1,"href":"https:\/\/gagschola.ch\/de\/wp-json\/wp\/v2\/pages\/29748\/revisions"}],"predecessor-version":[{"id":29751,"href":"https:\/\/gagschola.ch\/de\/wp-json\/wp\/v2\/pages\/29748\/revisions\/29751"}],"wp:attachment":[{"href":"https:\/\/gagschola.ch\/de\/wp-json\/wp\/v2\/media?parent=29748"}],"curies":[{"name":"wp","href":"https:\/\/api.w.org\/{rel}","templated":true}]}}