{"id":29753,"date":"2017-02-16T09:13:19","date_gmt":"2017-02-16T08:13:19","guid":{"rendered":"https:\/\/gagschola.ch\/home\/"},"modified":"2025-03-23T13:51:18","modified_gmt":"2025-03-23T12:51:18","slug":"home","status":"publish","type":"page","link":"https:\/\/gagschola.ch\/de\/","title":{"rendered":"Home"},"content":{"rendered":"<p>[et_pb_section fb_built=&#8220;1&#8243; fullwidth=&#8220;on&#8220; admin_label=&#8220;Section&#8220; module_id=&#8220;home&#8220; _builder_version=&#8220;4.27.0&#8243; custom_padding=&#8220;0px|0px|0px|0px&#8220; transparent_background=&#8220;off&#8220; make_fullwidth=&#8220;off&#8220; use_custom_width=&#8220;off&#8220; width_unit=&#8220;off&#8220; custom_width_px=&#8220;1080px&#8220; custom_width_percent=&#8220;80%&#8220; global_colors_info=&#8220;{}&#8220;][et_pb_fullwidth_slider admin_label=&#8220;Curseur de d\u00e9filement plein \u00e9cran&#8220; _builder_version=&#8220;4.27.0&#8243; _module_preset=&#8220;208d30f6-b753-4dfa-8817-004dfb19d5c8&#8243; header_text_color=&#8220;#775935&#8243; header_font_size=&#8220;72px&#8220; background_enable_image=&#8220;off&#8220; parallax=&#8220;on&#8220; custom_margin_tablet=&#8220;&#8220; custom_margin_phone=&#8220;|0px||0px|false|false&#8220; custom_margin_last_edited=&#8220;on|phone&#8220; custom_padding=&#8220;10%||10%||false|false&#8220; custom_padding_tablet=&#8220;|||&#8220; custom_padding_phone=&#8220;|0px||0px|false|false&#8220; custom_padding_last_edited=&#8220;on|phone&#8220; hover_enabled=&#8220;0&#8243; button_border_radius_hover=&#8220;0&#8243; button_letter_spacing_hover=&#8220;0&#8243; remove_inner_shadow=&#8220;on&#8220; hide_content_on_mobile=&#8220;off&#8220; hide_cta_on_mobile=&#8220;off&#8220; show_inner_shadow=&#8220;off&#8220; global_colors_info=&#8220;{}&#8220; button_text_size__hover_enabled=&#8220;off&#8220; button_one_text_size__hover_enabled=&#8220;off&#8220; button_two_text_size__hover_enabled=&#8220;off&#8220; button_text_color__hover_enabled=&#8220;off&#8220; button_one_text_color__hover_enabled=&#8220;off&#8220; button_two_text_color__hover_enabled=&#8220;off&#8220; button_border_width__hover_enabled=&#8220;off&#8220; button_one_border_width__hover_enabled=&#8220;off&#8220; button_two_border_width__hover_enabled=&#8220;off&#8220; button_border_color__hover_enabled=&#8220;off&#8220; button_one_border_color__hover_enabled=&#8220;off&#8220; button_two_border_color__hover_enabled=&#8220;off&#8220; button_border_radius__hover_enabled=&#8220;on&#8220; button_border_radius__hover=&#8220;0&#8243; button_one_border_radius__hover_enabled=&#8220;off&#8220; button_two_border_radius__hover_enabled=&#8220;off&#8220; button_letter_spacing__hover_enabled=&#8220;on&#8220; button_letter_spacing__hover=&#8220;0&#8243; button_one_letter_spacing__hover_enabled=&#8220;off&#8220; button_two_letter_spacing__hover_enabled=&#8220;off&#8220; button_bg_color__hover_enabled=&#8220;off&#8220; button_one_bg_color__hover_enabled=&#8220;off&#8220; button_two_bg_color__hover_enabled=&#8220;off&#8220; sticky_enabled=&#8220;0&#8243;][et_pb_slide heading=&#8220;Willkommen!&#8220; button_text=&#8220;mehr  &#8220; button_link=&#8220;@ET-DC@eyJkeW5hbWljIjp0cnVlLCJjb250ZW50IjoicG9zdF9saW5rX3VybF9wYWdlIiwic2V0dGluZ3MiOnsicG9zdF9pZCI6IjI4OTUzIn19@&#8220; use_bg_overlay=&#8220;on&#8220; bg_overlay_color=&#8220;rgba(0,0,0,0.8)&#8220; _builder_version=&#8220;4.27.0&#8243; _dynamic_attributes=&#8220;button_link&#8220; _module_preset=&#8220;483b69c2-b068-41b4-ad8b-f9beda75ad50&#8243; header_font_size=&#8220;60px&#8220; background_color=&#8220;#000000&#8243; background_enable_color=&#8220;on&#8220; background_image=&#8220;https:\/\/gagschola.ch\/wp-content\/uploads\/2024\/09\/GAGS_image-illustration_Meyer_1570_Sword_E-scaled.jpg&#8220; background_enable_image=&#8220;on&#8220; custom_padding=&#8220;|0px||0px|false|false&#8220; header_font_tablet=&#8220;&#8220; header_font_phone=&#8220;&#8220; header_font_last_edited=&#8220;on|phone&#8220; global_colors_info=&#8220;{}&#8220; sticky_transition=&#8220;on&#8220;]<\/p>\n<p>Wir sind ein Verein, der sich mit der Aus\u00fcbung historischer europ\u00e4ischer Kampfk\u00fcnste (AMHE) in Genf befasst.<\/p>\n<p>[\/et_pb_slide][\/et_pb_fullwidth_slider][\/et_pb_section][et_pb_section fb_built=&#8220;1&#8243; custom_padding_last_edited=&#8220;on|tablet&#8220; admin_label=&#8220;section&#8220; module_id=&#8220;about&#8220; _builder_version=&#8220;4.27.0&#8243; _module_preset=&#8220;cd1ce83c-cc4f-4e3e-ad06-4ab134dbb6bd&#8220; custom_padding=&#8220;0px|0px|0px|0px&#8220; custom_padding_tablet=&#8220;&#8220; custom_padding_phone=&#8220;&#8220; hover_enabled=&#8220;0&#8243; transparent_background=&#8220;off&#8220; make_fullwidth=&#8220;off&#8220; use_custom_width=&#8220;off&#8220; width_unit=&#8220;off&#8220; custom_width_px=&#8220;1080px&#8220; custom_width_percent=&#8220;80%&#8220; global_colors_info=&#8220;{}&#8220; sticky_enabled=&#8220;0&#8243;][et_pb_row column_structure=&#8220;1_2,1_2&#8243; admin_label=&#8220;Linie&#8220; _builder_version=&#8220;4.27.0&#8243; _module_preset=&#8220;db5efc19-0f01-4c31-b91b-3505874a8e1b&#8220; hover_enabled=&#8220;0&#8243; make_fullwidth=&#8220;off&#8220; use_custom_width=&#8220;off&#8220; width_unit=&#8220;off&#8220; custom_width_px=&#8220;1080px&#8220; custom_width_percent=&#8220;80%&#8220; global_colors_info=&#8220;{}&#8220; sticky_enabled=&#8220;0&#8243;][et_pb_column type=&#8220;1_2&#8243; _builder_version=&#8220;4.27.0&#8243; _module_preset=&#8220;_initial&#8220; custom_padding=&#8220;|||&#8220; global_colors_info=&#8220;{}&#8220; custom_padding__hover=&#8220;|||&#8220;][et_pb_image src=&#8220;https:\/\/gagschola.ch\/wp-content\/uploads\/2024\/09\/GAGSchola_combatants.png&#8220; title_text=&#8220;GAGSchola_combatants&#8220; _builder_version=&#8220;4.27.0&#8243; _module_preset=&#8220;default&#8220; hover_enabled=&#8220;0&#8243; global_colors_info=&#8220;{}&#8220; sticky_enabled=&#8220;0&#8243;][\/et_pb_image][\/et_pb_column][et_pb_column type=&#8220;1_2&#8243; _builder_version=&#8220;4.27.0&#8243; _module_preset=&#8220;_initial&#8220; custom_padding=&#8220;||||false|false&#8220; global_colors_info=&#8220;{}&#8220; custom_padding__hover=&#8220;|||&#8220;][et_pb_image src=&#8220;https:\/\/gagschola.ch\/wp-content\/uploads\/2024\/09\/GAGS_picto-entrainement-copie-1.png&#8220; title_text=&#8220;GAGS_picto-training Kopie&#8220; align=&#8220;center&#8220; disabled_on=&#8220;on|off|off&#8220; _builder_version=&#8220;4.27.0&#8243; _module_preset=&#8220;default&#8220; width_tablet=&#8220;auto&#8220; width_phone=&#8220;auto&#8220; width_last_edited=&#8220;on|tablet&#8220; max_width_tablet=&#8220;25%&#8220; max_width_phone=&#8220;25%&#8220; max_width_last_edited=&#8220;on|tablet&#8220; height=&#8220;75px&#8220; height_tablet=&#8220;25%&#8220; height_phone=&#8220;25%&#8220; height_last_edited=&#8220;on|tablet&#8220; hover_enabled=&#8220;0&#8243; global_colors_info=&#8220;{}&#8220; sticky_enabled=&#8220;0&#8243;][\/et_pb_image][et_pb_text admin_label=&#8220;Texte&#8220; _builder_version=&#8220;4.27.0&#8243; _module_preset=&#8220;003ab705-6913-4c58-8975-c958f01ea299&#8243; text_line_height=&#8220;1.5em&#8220; background_size=&#8220;initial&#8220; background_position=&#8220;top_left&#8220; background_repeat=&#8220;repeat&#8220; text_orientation=&#8220;center&#8220; module_alignment=&#8220;center&#8220; custom_margin=&#8220;|||&#8220; hover_enabled=&#8220;0&#8243; use_border_color=&#8220;off&#8220; border_style=&#8220;solid&#8220; global_colors_info=&#8220;{}&#8220; sticky_enabled=&#8220;0&#8243;]<\/p>\n<h2 style=\"text-align: center;\">Trainings<\/h2>\n<p style=\"text-align: center;\">Wir trainieren montags und donnerstags abends in der N\u00e4he des Bahnhofs Cornavin.<\/p>\n<p>[\/et_pb_text][et_pb_button button_url=&#8220;@ET-DC@eyJkeW5hbWljIjp0cnVlLCJjb250ZW50IjoicG9zdF9saW5rX3VybF9wYWdlIiwic2V0dGluZ3MiOnsicG9zdF9pZCI6IjI5MDM4In19@&#8220; button_text=&#8220;Weitere Informationen&#8220; _builder_version=&#8220;4.27.0&#8243; _dynamic_attributes=&#8220;button_url&#8220; _module_preset=&#8220;07cb1f77-c773-45e7-a164-d6279e040587&#8243; global_colors_info=&#8220;{}&#8220;][\/et_pb_button][\/et_pb_column][\/et_pb_row][\/et_pb_section][et_pb_section fb_built=&#8220;1&#8243; admin_label=&#8220;section&#8220; module_id=&#8220;about&#8220; _builder_version=&#8220;4.27.0&#8243; _module_preset=&#8220;6ef7bc72-25c3-449b-9136-498fd8f02720&#8243; background_image=&#8220;https:\/\/gagschola.ch\/wp-content\/uploads\/2024\/09\/GAGS_image-illustration_Meyer_1570_Sword_E-scaled.jpg&#8220; background_enable_image=&#8220;on&#8220; hover_enabled=&#8220;0&#8243; transparent_background=&#8220;off&#8220; make_fullwidth=&#8220;off&#8220; use_custom_width=&#8220;off&#8220; width_unit=&#8220;off&#8220; custom_width_px=&#8220;1080px&#8220; custom_width_percent=&#8220;80%&#8220; global_colors_info=&#8220;{}&#8220; sticky_enabled=&#8220;0&#8243;][et_pb_row column_structure=&#8220;1_2,1_2&#8243; admin_label=&#8220;Linie&#8220; _builder_version=&#8220;4.27.0&#8243; _module_preset=&#8220;daae1e0b-314e-42aa-9779-9042231803b4&#8243; make_fullwidth=&#8220;off&#8220; use_custom_width=&#8220;off&#8220; width_unit=&#8220;off&#8220; custom_width_px=&#8220;1080px&#8220; custom_width_percent=&#8220;80%&#8220; global_colors_info=&#8220;{}&#8220;][et_pb_column type=&#8220;1_2&#8243; _builder_version=&#8220;4.27.0&#8243; custom_padding=&#8220;|||&#8220; custom_padding_phone=&#8220;||||false|false&#8220; global_colors_info=&#8220;{}&#8220; custom_padding__hover=&#8220;|||&#8220;][et_pb_image src=&#8220;https:\/\/gagschola.ch\/wp-content\/uploads\/2024\/09\/GAGS_picto-evenement.png&#8220; title_text=&#8220;GAGS_picto-evenement&#8220; align=&#8220;center&#8220; _builder_version=&#8220;4.27.0&#8243; _module_preset=&#8220;default&#8220; height=&#8220;75px&#8220; custom_margin_tablet=&#8220;&#8220; custom_margin_phone=&#8220;||20px||false|false&#8220; custom_margin_last_edited=&#8220;on|phone&#8220; global_colors_info=&#8220;{}&#8220;][\/et_pb_image][et_pb_text admin_label=&#8220;Texte&#8220; _builder_version=&#8220;4.27.0&#8243; _module_preset=&#8220;732232f5-5faf-4435-8f88-257657d640fc&#8220; text_line_height=&#8220;1.5em&#8220; background_size=&#8220;initial&#8220; background_position=&#8220;top_left&#8220; background_repeat=&#8220;repeat&#8220; text_orientation=&#8220;center&#8220; module_alignment=&#8220;center&#8220; custom_margin=&#8220;|||&#8220; custom_margin_phone=&#8220;||0px||false|false&#8220; custom_padding=&#8220;||||false|false&#8220; use_border_color=&#8220;off&#8220; border_style=&#8220;solid&#8220; global_colors_info=&#8220;{}&#8220;]<\/p>\n<h2 style=\"text-align: center;\">Unsere n\u00e4chste Veranstaltung<\/h2>\n<p>[\/et_pb_text][\/et_pb_column][et_pb_column type=&#8220;1_2&#8243; _builder_version=&#8220;4.16&#8243; custom_padding=&#8220;|||&#8220; global_colors_info=&#8220;{}&#8220; custom_padding__hover=&#8220;|||&#8220;][et_pb_text disabled_on=&#8220;on|on|on&#8220; admin_label=&#8220;Texte&#8220; _builder_version=&#8220;4.27.0&#8243; _module_preset=&#8220;732232f5-5faf-4435-8f88-257657d640fc&#8220; text_line_height=&#8220;1.5em&#8220; background_size=&#8220;initial&#8220; background_position=&#8220;top_left&#8220; background_repeat=&#8220;repeat&#8220; text_orientation=&#8220;center&#8220; module_alignment=&#8220;center&#8220; custom_margin=&#8220;|||&#8220; custom_padding=&#8220;||0px|||&#8220; hover_enabled=&#8220;0&#8243; use_border_color=&#8220;off&#8220; border_style=&#8220;solid&#8220; disabled=&#8220;on&#8220; global_colors_info=&#8220;{}&#8220; sticky_enabled=&#8220;0&#8243;]<\/p>\n<p style=\"text-align: center;\"><span style=\"color: #ffffff;\">Unsere n\u00e4chste Veranstaltung ist in Vorbereitung<\/span><br \/>\n<span style=\"color: #ffffff;\">Um Sie \u00fcber unsere n\u00e4chsten Veranstaltungen auf dem Laufenden zu halten, klicken Sie bitte hier.<\/span><br \/>\n<span style=\"color: #ff0000;\">unsere <a href=\"https:\/\/www.facebook.com\/GAGSchola\" title=\"Facebook\" style=\"color: #ffffff;\"> Facebook-<\/a> und <a href=\"https:\/\/www.instagram.com\/gagschola\/\" title=\"Instagram\" style=\"color: #ff0000;\">Instagram-Seiten<\/a> zu liken<\/span><\/p>\n<p>[\/et_pb_text][et_pb_blog posts_number=&#8220;1&#8243; include_categories=&#8220;9&#8243; _builder_version=&#8220;4.27.0&#8243; _module_preset=&#8220;1ba54149-1de2-432c-8c43-a203bc9c844a&#8220; global_colors_info=&#8220;{}&#8220; custom_css_main_element_last_edited=&#8220;on|desktop&#8220; custom_css_before_last_edited=&#8220;on|tablet&#8220;][\/et_pb_blog][et_pb_post_nav in_same_term=&#8220;on&#8220; _builder_version=&#8220;4.27.0&#8243; _module_preset=&#8220;default&#8220; global_colors_info=&#8220;{}&#8220;][\/et_pb_post_nav][\/et_pb_column][\/et_pb_row][\/et_pb_section][et_pb_section fb_built=&#8220;1&#8243; admin_label=&#8220;section&#8220; module_id=&#8220;about&#8220; _builder_version=&#8220;4.27.0&#8243; _module_preset=&#8220;cd1ce83c-cc4f-4e3e-ad06-4ab134dbb6bd&#8220; custom_padding=&#8220;||||false|false&#8220; transparent_background=&#8220;off&#8220; make_fullwidth=&#8220;off&#8220; use_custom_width=&#8220;off&#8220; width_unit=&#8220;off&#8220; custom_width_px=&#8220;1080px&#8220; custom_width_percent=&#8220;80%&#8220; global_colors_info=&#8220;{}&#8220;][et_pb_row admin_label=&#8220;Linie&#8220; _builder_version=&#8220;4.27.0&#8243; _module_preset=&#8220;96571eb9-d45d-4d7d-b4fe-d5a48a7889ed&#8220; custom_margin=&#8220;|auto|0px|auto|false|false&#8220; custom_margin_tablet=&#8220;|auto||auto|false|false&#8220; custom_margin_phone=&#8220;|auto||auto|false|false&#8220; custom_margin_last_edited=&#8220;on|phone&#8220; custom_padding=&#8220;25px|0px|25px|0px|false|false&#8220; custom_padding_phone=&#8220;0px|20px|0px|20px|false|false&#8220; make_fullwidth=&#8220;off&#8220; use_custom_width=&#8220;off&#8220; width_unit=&#8220;off&#8220; custom_width_px=&#8220;1080px&#8220; custom_width_percent=&#8220;80%&#8220; global_colors_info=&#8220;{}&#8220;][et_pb_column type=&#8220;4_4&#8243; _builder_version=&#8220;4.16&#8243; custom_padding=&#8220;|||&#8220; global_colors_info=&#8220;{}&#8220; custom_padding__hover=&#8220;|||&#8220;][et_pb_image src=&#8220;https:\/\/gagschola.ch\/wp-content\/uploads\/2024\/09\/GAGS_picto-association.png&#8220; title_text=&#8220;GAGS_picto-association&#8220; align=&#8220;center&#8220; _builder_version=&#8220;4.27.0&#8243; _module_preset=&#8220;default&#8220; height=&#8220;75px&#8220; custom_margin=&#8220;||19px|||&#8220; global_colors_info=&#8220;{}&#8220;][\/et_pb_image][et_pb_text admin_label=&#8220;Texte&#8220; _builder_version=&#8220;4.27.0&#8243; _module_preset=&#8220;732232f5-5faf-4435-8f88-257657d640fc&#8220; text_line_height=&#8220;1.5em&#8220; background_size=&#8220;initial&#8220; background_position=&#8220;top_left&#8220; background_repeat=&#8220;repeat&#8220; text_orientation=&#8220;center&#8220; module_alignment=&#8220;center&#8220; custom_margin=&#8220;0px||0px||false|false&#8220; custom_padding=&#8220;0px||0px||false|false&#8220; custom_css_main_element=&#8220;padding-bottom:0px !important;||margin-bottom: 0px !important;&#8220; use_border_color=&#8220;off&#8220; border_style=&#8220;solid&#8220; global_colors_info=&#8220;{}&#8220;]<\/p>\n<h2 style=\"text-align: center;\">Die Vereinigung<\/h2>\n<p style=\"text-align: center;\">[\/et_pb_text][\/et_pb_column][\/et_pb_row][et_pb_row column_structure=&#8220;1_2,1_2&#8243; admin_label=&#8220;Linie&#8220; _builder_version=&#8220;4.27.0&#8243; _module_preset=&#8220;635bb1f2-a0f6-4e42-a54c-529fd39d1c9b&#8220; make_fullwidth=&#8220;off&#8220; use_custom_width=&#8220;off&#8220; width_unit=&#8220;off&#8220; custom_width_px=&#8220;1080px&#8220; custom_width_percent=&#8220;80%&#8220; global_colors_info=&#8220;{}&#8220;][et_pb_column type=&#8220;1_2&#8243; _builder_version=&#8220;4.27.0&#8243; _module_preset=&#8220;754dc971-bcda-45e7-97b5-3cbc8f17659b&#8220; global_colors_info=&#8220;{}&#8220;][et_pb_text _builder_version=&#8220;4.27.0&#8243; _module_preset=&#8220;default&#8220; global_colors_info=&#8220;{}&#8220;]<\/p>\n<h3 style=\"text-align: center;\">Entdecken Sie<\/h3>\n<p style=\"text-align: center;\">unsere Vereinigung, ihre Ziele und ihre Arbeitsweise kennen zu lernen<\/p>\n<p>[\/et_pb_text][et_pb_button button_url=&#8220;@ET-DC@eyJkeW5hbWljIjp0cnVlLCJjb250ZW50IjoicG9zdF9saW5rX3VybF9wYWdlIiwic2V0dGluZ3MiOnsicG9zdF9pZCI6IjI4OTUzIn19@&#8220; button_text=&#8220;Weitere Informationen&#8220; _builder_version=&#8220;4.27.0&#8243; _dynamic_attributes=&#8220;button_url&#8220; _module_preset=&#8220;07cb1f77-c773-45e7-a164-d6279e040587&#8243; global_colors_info=&#8220;{}&#8220;][\/et_pb_button][\/et_pb_column][et_pb_column type=&#8220;1_2&#8243; _builder_version=&#8220;4.27.0&#8243; _module_preset=&#8220;754dc971-bcda-45e7-97b5-3cbc8f17659b&#8220; custom_padding=&#8220;40px|30px|40px|40px|false|false&#8220; global_colors_info=&#8220;{}&#8220; custom_padding__hover=&#8220;|||&#8220;][et_pb_text _builder_version=&#8220;4.27.0&#8243; _module_preset=&#8220;003ab705-6913-4c58-8975-c958f01ea299&#8243; global_colors_info=&#8220;{}&#8220;]<\/p>\n<h3 style=\"text-align: center;\">Mitglied werden<\/h3>\n<p style=\"text-align: center;\">Interessieren Sie sich f\u00fcr AMHE und m\u00f6chten Sie sich uns anschlie\u00dfen?<\/p>\n<p>[\/et_pb_text][et_pb_button button_url=&#8220;@ET-DC@eyJkeW5hbWljIjp0cnVlLCJjb250ZW50IjoicG9zdF9saW5rX3VybF9wYWdlIiwic2V0dGluZ3MiOnsicG9zdF9pZCI6IjI5MDY5In19@&#8220; button_text=&#8220;Kontaktieren Sie uns  &#8220; _builder_version=&#8220;4.27.0&#8243; _dynamic_attributes=&#8220;button_url&#8220; _module_preset=&#8220;07cb1f77-c773-45e7-a164-d6279e040587&#8243; global_colors_info=&#8220;{}&#8220;][\/et_pb_button][\/et_pb_column][\/et_pb_row][\/et_pb_section][et_pb_section fb_built=&#8220;1&#8243; admin_label=&#8220;section&#8220; module_id=&#8220;about&#8220; _builder_version=&#8220;4.27.0&#8243; _module_preset=&#8220;6ef7bc72-25c3-449b-9136-498fd8f02720&#8243; background_image=&#8220;https:\/\/gagschola.ch\/wp-content\/uploads\/2024\/09\/GAGS_image-illustration_Meyer_1570_Sword_E-scaled.jpg&#8220; background_enable_image=&#8220;on&#8220; transparent_background=&#8220;off&#8220; make_fullwidth=&#8220;off&#8220; use_custom_width=&#8220;off&#8220; width_unit=&#8220;off&#8220; custom_width_px=&#8220;1080px&#8220; custom_width_percent=&#8220;80%&#8220; global_colors_info=&#8220;{}&#8220;][et_pb_row _builder_version=&#8220;4.27.0&#8243; _module_preset=&#8220;4f72a112-8c88-46fa-8348-6d4fc5730212&#8243; global_colors_info=&#8220;{}&#8220;][et_pb_column type=&#8220;4_4&#8243; _builder_version=&#8220;4.27.0&#8243; _module_preset=&#8220;default&#8220; global_colors_info=&#8220;{}&#8220;][\/et_pb_column][\/et_pb_row][\/et_pb_section]<\/p>\n","protected":false},"excerpt":{"rendered":"<p>Wir sind ein Verein, der sich mit der Aus\u00fcbung historischer europ\u00e4ischer Kampfk\u00fcnste (AMHE) in Genf befasst.Trainings Wir trainieren montags und donnerstags abends in der N\u00e4he des Bahnhofs Cornavin.Unsere n\u00e4chste VeranstaltungUnsere n\u00e4chste Veranstaltung ist in Vorbereitung Um Sie \u00fcber unsere n\u00e4chsten Veranstaltungen auf dem Laufenden zu halten, klicken Sie bitte hier. unsere Facebook- und Instagram-Seiten zu [&hellip;]<\/p>\n","protected":false},"author":1,"featured_media":0,"parent":0,"menu_order":0,"comment_status":"closed","ping_status":"closed","template":"","meta":{"_et_pb_use_builder":"on","_et_pb_old_content":"","_et_gb_content_width":"","footnotes":""},"class_list":["post-29753","page","type-page","status-publish","hentry"],"_links":{"self":[{"href":"https:\/\/gagschola.ch\/de\/wp-json\/wp\/v2\/pages\/29753","targetHints":{"allow":["GET"]}}],"collection":[{"href":"https:\/\/gagschola.ch\/de\/wp-json\/wp\/v2\/pages"}],"about":[{"href":"https:\/\/gagschola.ch\/de\/wp-json\/wp\/v2\/types\/page"}],"author":[{"embeddable":true,"href":"https:\/\/gagschola.ch\/de\/wp-json\/wp\/v2\/users\/1"}],"replies":[{"embeddable":true,"href":"https:\/\/gagschola.ch\/de\/wp-json\/wp\/v2\/comments?post=29753"}],"version-history":[{"count":3,"href":"https:\/\/gagschola.ch\/de\/wp-json\/wp\/v2\/pages\/29753\/revisions"}],"predecessor-version":[{"id":29893,"href":"https:\/\/gagschola.ch\/de\/wp-json\/wp\/v2\/pages\/29753\/revisions\/29893"}],"wp:attachment":[{"href":"https:\/\/gagschola.ch\/de\/wp-json\/wp\/v2\/media?parent=29753"}],"curies":[{"name":"wp","href":"https:\/\/api.w.org\/{rel}","templated":true}]}}