{"id":29506,"date":"2017-02-16T09:13:19","date_gmt":"2017-02-16T08:13:19","guid":{"rendered":"https:\/\/gagschola.ch\/home\/"},"modified":"2025-03-23T13:51:18","modified_gmt":"2025-03-23T12:51:18","slug":"home","status":"publish","type":"page","link":"https:\/\/gagschola.ch\/en\/","title":{"rendered":"Home"},"content":{"rendered":"<p>[et_pb_section fb_built=&#8221;1&#8243; fullwidth=&#8221;on&#8221; admin_label=&#8221;Section&#8221; module_id=&#8221;home&#8221; _builder_version=&#8221;4.27.0&#8243; custom_padding=&#8221;0px|0px|0px|0px&#8221; transparent_background=&#8221;off&#8221; make_fullwidth=&#8221;off&#8221; use_custom_width=&#8221;off&#8221; width_unit=&#8221;off&#8221; custom_width_px=&#8221;1080px&#8221; custom_width_percent=&#8221;80%&#8221; global_colors_info=&#8221;{}&#8221;][et_pb_fullwidth_slider admin_label=&#8221;Curseur de d\u00e9filement plein \u00e9cran&#8221; _builder_version=&#8221;4.27.0&#8243; _module_preset=&#8221;208d30f6-b753-4dfa-8817-004dfb19d5c8&#8243; header_text_color=&#8221;#775935&#8243; header_font_size=&#8221;72px&#8221; background_enable_image=&#8221;off&#8221; parallax=&#8221;on&#8221; custom_margin_tablet=&#8221;&#8221; custom_margin_phone=&#8221;|0px||0px|false|false&#8221; custom_margin_last_edited=&#8221;on|phone&#8221; custom_padding=&#8221;10%||10%||false|false&#8221; custom_padding_tablet=&#8221;|||&#8221; custom_padding_phone=&#8221;|0px||0px|false|false&#8221; custom_padding_last_edited=&#8221;on|phone&#8221; hover_enabled=&#8221;0&#8243; button_border_radius_hover=&#8221;0&#8243; button_letter_spacing_hover=&#8221;0&#8243; remove_inner_shadow=&#8221;on&#8221; hide_content_on_mobile=&#8221;off&#8221; hide_cta_on_mobile=&#8221;off&#8221; show_inner_shadow=&#8221;off&#8221; global_colors_info=&#8221;{}&#8221; button_text_size__hover_enabled=&#8221;off&#8221; button_one_text_size__hover_enabled=&#8221;off&#8221; button_two_text_size__hover_enabled=&#8221;off&#8221; button_text_color__hover_enabled=&#8221;off&#8221; button_one_text_color__hover_enabled=&#8221;off&#8221; button_two_text_color__hover_enabled=&#8221;off&#8221; button_border_width__hover_enabled=&#8221;off&#8221; button_one_border_width__hover_enabled=&#8221;off&#8221; button_two_border_width__hover_enabled=&#8221;off&#8221; button_border_color__hover_enabled=&#8221;off&#8221; button_one_border_color__hover_enabled=&#8221;off&#8221; button_two_border_color__hover_enabled=&#8221;off&#8221; button_border_radius__hover_enabled=&#8221;on&#8221; button_border_radius__hover=&#8221;0&#8243; button_one_border_radius__hover_enabled=&#8221;off&#8221; button_two_border_radius__hover_enabled=&#8221;off&#8221; button_letter_spacing__hover_enabled=&#8221;on&#8221; button_letter_spacing__hover=&#8221;0&#8243; button_one_letter_spacing__hover_enabled=&#8221;off&#8221; button_two_letter_spacing__hover_enabled=&#8221;off&#8221; button_bg_color__hover_enabled=&#8221;off&#8221; button_one_bg_color__hover_enabled=&#8221;off&#8221; button_two_bg_color__hover_enabled=&#8221;off&#8221; sticky_enabled=&#8221;0&#8243;][et_pb_slide heading=&#8221;Welcome!&#8221; button_text=&#8221;more  &#8221; button_link=&#8221;@ET-DC@eyJkeW5hbWljIjp0cnVlLCJjb250ZW50IjoicG9zdF9saW5rX3VybF9wYWdlIiwic2V0dGluZ3MiOnsicG9zdF9pZCI6IjI4OTUzIn19@&#8221; use_bg_overlay=&#8221;on&#8221; bg_overlay_color=&#8221;rgba(0,0,0,0.8)&#8221; _builder_version=&#8221;4.27.0&#8243; _dynamic_attributes=&#8221;button_link&#8221; _module_preset=&#8221;483b69c2-b068-41b4-ad8b-f9beda75ad50&#8243; header_font_size=&#8221;60px&#8221; background_color=&#8221;#000000&#8243; background_enable_color=&#8221;on&#8221; background_image=&#8221;https:\/\/gagschola.ch\/wp-content\/uploads\/2024\/09\/GAGS_image-illustration_Meyer_1570_Sword_E-scaled.jpg&#8221; background_enable_image=&#8221;on&#8221; custom_padding=&#8221;|0px||0px|false|false&#8221; header_font_tablet=&#8221;&#8221; header_font_phone=&#8221;&#8221; header_font_last_edited=&#8221;on|phone&#8221; global_colors_info=&#8221;{}&#8221; sticky_transition=&#8221;on&#8221;]<\/p>\n<p>We are an association active in the practice of European historical martial arts (AMHE) in Geneva.<\/p>\n<p>[\/et_pb_slide][\/et_pb_fullwidth_slider][\/et_pb_section][et_pb_section fb_built=&#8221;1&#8243; custom_padding_last_edited=&#8221;on|tablet&#8221; admin_label=&#8221;section&#8221; module_id=&#8221;about&#8221; _builder_version=&#8221;4.27.0&#8243; _module_preset=&#8221;cd1ce83c-cc4f-4e3e-ad06-4ab134dbb6bd&#8221; custom_padding=&#8221;0px|0px|0px|0px&#8221; custom_padding_tablet=&#8221;&#8221; custom_padding_phone=&#8221;&#8221; hover_enabled=&#8221;0&#8243; transparent_background=&#8221;off&#8221; make_fullwidth=&#8221;off&#8221; use_custom_width=&#8221;off&#8221; width_unit=&#8221;off&#8221; custom_width_px=&#8221;1080px&#8221; custom_width_percent=&#8221;80%&#8221; global_colors_info=&#8221;{}&#8221; sticky_enabled=&#8221;0&#8243;][et_pb_row column_structure=&#8221;1_2,1_2&#8243; admin_label=&#8221;Line&#8221; _builder_version=&#8221;4.27.0&#8243; _module_preset=&#8221;db5efc19-0f01-4c31-b91b-3505874a8e1b&#8221; hover_enabled=&#8221;0&#8243; make_fullwidth=&#8221;off&#8221; use_custom_width=&#8221;off&#8221; width_unit=&#8221;off&#8221; custom_width_px=&#8221;1080px&#8221; custom_width_percent=&#8221;80%&#8221; global_colors_info=&#8221;{}&#8221; sticky_enabled=&#8221;0&#8243;][et_pb_column type=&#8221;1_2&#8243; _builder_version=&#8221;4.27.0&#8243; _module_preset=&#8221;_initial&#8221; custom_padding=&#8221;|||&#8221; global_colors_info=&#8221;{}&#8221; custom_padding__hover=&#8221;|||&#8221;][et_pb_image src=&#8221;https:\/\/gagschola.ch\/wp-content\/uploads\/2024\/09\/GAGSchola_combatants.png&#8221; title_text=&#8221;GAGSchola_combatants&#8221; _builder_version=&#8221;4.27.0&#8243; _module_preset=&#8221;default&#8221; hover_enabled=&#8221;0&#8243; global_colors_info=&#8221;{}&#8221; sticky_enabled=&#8221;0&#8243;][\/et_pb_image][\/et_pb_column][et_pb_column type=&#8221;1_2&#8243; _builder_version=&#8221;4.27.0&#8243; _module_preset=&#8221;_initial&#8221; custom_padding=&#8221;||||false|false&#8221; global_colors_info=&#8221;{}&#8221; custom_padding__hover=&#8221;|||&#8221;][et_pb_image src=&#8221;https:\/\/gagschola.ch\/wp-content\/uploads\/2024\/09\/GAGS_picto-entrainement-copie-1.png&#8221; title_text=&#8221;GAGS_picto-training copy&#8221; align=&#8221;center&#8221; disabled_on=&#8221;on|off|off&#8221; _builder_version=&#8221;4.27.0&#8243; _module_preset=&#8221;default&#8221; width_tablet=&#8221;auto&#8221; width_phone=&#8221;auto&#8221; width_last_edited=&#8221;on|tablet&#8221; max_width_tablet=&#8221;25%&#8221; max_width_phone=&#8221;25%&#8221; max_width_last_edited=&#8221;on|tablet&#8221; height=&#8221;75px&#8221; height_tablet=&#8221;25%&#8221; height_phone=&#8221;25%&#8221; height_last_edited=&#8221;on|tablet&#8221; hover_enabled=&#8221;0&#8243; global_colors_info=&#8221;{}&#8221; sticky_enabled=&#8221;0&#8243;][\/et_pb_image][et_pb_text admin_label=&#8221;Texte&#8221; _builder_version=&#8221;4.27.0&#8243; _module_preset=&#8221;003ab705-6913-4c58-8975-c958f01ea299&#8243; text_line_height=&#8221;1.5em&#8221; background_size=&#8221;initial&#8221; background_position=&#8221;top_left&#8221; background_repeat=&#8221;repeat&#8221; text_orientation=&#8221;center&#8221; module_alignment=&#8221;center&#8221; custom_margin=&#8221;|||&#8221; hover_enabled=&#8221;0&#8243; use_border_color=&#8221;off&#8221; border_style=&#8221;solid&#8221; global_colors_info=&#8221;{}&#8221; sticky_enabled=&#8221;0&#8243;]<\/p>\n<h2 style=\"text-align: center;\">Entra\u00eenements<\/h2>\n<p style=\"text-align: center;\">Nos entra\u00eenements ont lieu le lundi et le jeudi soir \u00e0 proximit\u00e9 de la gare Cornavin.<\/p>\n<p>[\/et_pb_text][et_pb_button button_url=&#8221;@ET-DC@eyJkeW5hbWljIjp0cnVlLCJjb250ZW50IjoicG9zdF9saW5rX3VybF9wYWdlIiwic2V0dGluZ3MiOnsicG9zdF9pZCI6IjI5MDM4In19@&#8221; button_text=&#8221;More information&#8221; _builder_version=&#8221;4.27.0&#8243; _dynamic_attributes=&#8221;button_url&#8221; _module_preset=&#8221;07cb1f77-c773-45e7-a164-d6279e040587&#8243; global_colors_info=&#8221;{}&#8221;][\/et_pb_button][\/et_pb_column][\/et_pb_row][\/et_pb_section][et_pb_section fb_built=&#8221;1&#8243; admin_label=&#8221;section&#8221; module_id=&#8221;about&#8221; _builder_version=&#8221;4.27.0&#8243; _module_preset=&#8221;6ef7bc72-25c3-449b-9136-498fd8f02720&#8243; background_image=&#8221;https:\/\/gagschola.ch\/wp-content\/uploads\/2024\/09\/GAGS_image-illustration_Meyer_1570_Sword_E-scaled.jpg&#8221; background_enable_image=&#8221;on&#8221; hover_enabled=&#8221;0&#8243; transparent_background=&#8221;off&#8221; make_fullwidth=&#8221;off&#8221; use_custom_width=&#8221;off&#8221; width_unit=&#8221;off&#8221; custom_width_px=&#8221;1080px&#8221; custom_width_percent=&#8221;80%&#8221; global_colors_info=&#8221;{}&#8221; sticky_enabled=&#8221;0&#8243;][et_pb_row column_structure=&#8221;1_2,1_2&#8243; admin_label=&#8221;Line&#8221; _builder_version=&#8221;4.27.0&#8243; _module_preset=&#8221;daae1e0b-314e-42aa-9779-9042231803b4&#8243; make_fullwidth=&#8221;off&#8221; use_custom_width=&#8221;off&#8221; width_unit=&#8221;off&#8221; custom_width_px=&#8221;1080px&#8221; custom_width_percent=&#8221;80%&#8221; global_colors_info=&#8221;{}&#8221;][et_pb_column type=&#8221;1_2&#8243; _builder_version=&#8221;4.27.0&#8243; custom_padding=&#8221;|||&#8221; custom_padding_phone=&#8221;||||false|false&#8221; global_colors_info=&#8221;{}&#8221; custom_padding__hover=&#8221;|||&#8221;][et_pb_image src=&#8221;https:\/\/gagschola.ch\/wp-content\/uploads\/2024\/09\/GAGS_picto-evenement.png&#8221; title_text=&#8221;GAGS_picto-evenement&#8221; align=&#8221;center&#8221; _builder_version=&#8221;4.27.0&#8243; _module_preset=&#8221;default&#8221; height=&#8221;75px&#8221; custom_margin_tablet=&#8221;&#8221; custom_margin_phone=&#8221;||20px||false|false&#8221; custom_margin_last_edited=&#8221;on|phone&#8221; global_colors_info=&#8221;{}&#8221;][\/et_pb_image][et_pb_text admin_label=&#8221;Texte&#8221; _builder_version=&#8221;4.27.0&#8243; _module_preset=&#8221;732232f5-5faf-4435-8f88-257657d640fc&#8221; text_line_height=&#8221;1.5em&#8221; background_size=&#8221;initial&#8221; background_position=&#8221;top_left&#8221; background_repeat=&#8221;repeat&#8221; text_orientation=&#8221;center&#8221; module_alignment=&#8221;center&#8221; custom_margin=&#8221;|||&#8221; custom_margin_phone=&#8221;||0px||false|false&#8221; custom_padding=&#8221;||||false|false&#8221; use_border_color=&#8221;off&#8221; border_style=&#8221;solid&#8221; global_colors_info=&#8221;{}&#8221;]<\/p>\n<h2 style=\"text-align: center;\">Our next event<\/h2>\n<p>[\/et_pb_text][\/et_pb_column][et_pb_column type=&#8221;1_2&#8243; _builder_version=&#8221;4.16&#8243; custom_padding=&#8221;|||&#8221; global_colors_info=&#8221;{}&#8221; custom_padding__hover=&#8221;|||&#8221;][et_pb_text disabled_on=&#8221;on|on|on&#8221; admin_label=&#8221;Texte&#8221; _builder_version=&#8221;4.27.0&#8243; _module_preset=&#8221;732232f5-5faf-4435-8f88-257657d640fc&#8221; text_line_height=&#8221;1.5em&#8221; background_size=&#8221;initial&#8221; background_position=&#8221;top_left&#8221; background_repeat=&#8221;repeat&#8221; text_orientation=&#8221;center&#8221; module_alignment=&#8221;center&#8221; custom_margin=&#8221;|||&#8221; custom_padding=&#8221;||0px|||&#8221; hover_enabled=&#8221;0&#8243; use_border_color=&#8221;off&#8221; border_style=&#8221;solid&#8221; disabled=&#8221;on&#8221; global_colors_info=&#8221;{}&#8221; sticky_enabled=&#8221;0&#8243;]<\/p>\n<p style=\"text-align: center;\"><span style=\"color: #ffffff;\">Our next event is in the making<\/span><span style=\"color: #ffffff;\">To keep up to date with our next events<\/span><span style=\"color: #ff0000;\">like our <a href=\"https:\/\/www.facebook.com\/GAGSchola\" title=\"Facebook\" style=\"color: #ffffff;\"> Facebook<\/a> and <a href=\"https:\/\/www.instagram.com\/gagschola\/\" title=\"Instagram\" style=\"color: #ff0000;\">Instagram<\/a> pages<\/span><\/p>\n<p>[\/et_pb_text][et_pb_blog posts_number=&#8221;1&#8243; include_categories=&#8221;9&#8243; _builder_version=&#8221;4.27.0&#8243; _module_preset=&#8221;1ba54149-1de2-432c-8c43-a203bc9c844a&#8221; global_colors_info=&#8221;{}&#8221; custom_css_main_element_last_edited=&#8221;on|desktop&#8221; custom_css_before_last_edited=&#8221;on|tablet&#8221;][\/et_pb_blog][et_pb_post_nav in_same_term=&#8221;on&#8221; _builder_version=&#8221;4.27.0&#8243; _module_preset=&#8221;default&#8221; global_colors_info=&#8221;{}&#8221;][\/et_pb_post_nav][\/et_pb_column][\/et_pb_row][\/et_pb_section][et_pb_section fb_built=&#8221;1&#8243; admin_label=&#8221;section&#8221; module_id=&#8221;about&#8221; _builder_version=&#8221;4.27.0&#8243; _module_preset=&#8221;cd1ce83c-cc4f-4e3e-ad06-4ab134dbb6bd&#8221; custom_padding=&#8221;||||false|false&#8221; transparent_background=&#8221;off&#8221; make_fullwidth=&#8221;off&#8221; use_custom_width=&#8221;off&#8221; width_unit=&#8221;off&#8221; custom_width_px=&#8221;1080px&#8221; custom_width_percent=&#8221;80%&#8221; global_colors_info=&#8221;{}&#8221;][et_pb_row admin_label=&#8221;Line&#8221; _builder_version=&#8221;4.27.0&#8243; _module_preset=&#8221;96571eb9-d45d-4d7d-b4fe-d5a48a7889ed&#8221; custom_margin=&#8221;|auto|0px|auto|false|false&#8221; custom_margin_tablet=&#8221;|auto||auto|false|false&#8221; custom_margin_phone=&#8221;|auto||auto|false|false&#8221; custom_margin_last_edited=&#8221;on|phone&#8221; custom_padding=&#8221;25px|0px|25px|0px|false|false&#8221; custom_padding_phone=&#8221;0px|20px|0px|20px|false|false&#8221; make_fullwidth=&#8221;off&#8221; use_custom_width=&#8221;off&#8221; width_unit=&#8221;off&#8221; custom_width_px=&#8221;1080px&#8221; custom_width_percent=&#8221;80%&#8221; global_colors_info=&#8221;{}&#8221;][et_pb_column type=&#8221;4_4&#8243; _builder_version=&#8221;4.16&#8243; custom_padding=&#8221;|||&#8221; global_colors_info=&#8221;{}&#8221; custom_padding__hover=&#8221;|||&#8221;][et_pb_image src=&#8221;https:\/\/gagschola.ch\/wp-content\/uploads\/2024\/09\/GAGS_picto-association.png&#8221; title_text=&#8221;GAGS_picto-association&#8221; align=&#8221;center&#8221; _builder_version=&#8221;4.27.0&#8243; _module_preset=&#8221;default&#8221; height=&#8221;75px&#8221; custom_margin=&#8221;||19px|||&#8221; global_colors_info=&#8221;{}&#8221;][\/et_pb_image][et_pb_text admin_label=&#8221;Texte&#8221; _builder_version=&#8221;4.27.0&#8243; _module_preset=&#8221;732232f5-5faf-4435-8f88-257657d640fc&#8221; text_line_height=&#8221;1.5em&#8221; background_size=&#8221;initial&#8221; background_position=&#8221;top_left&#8221; background_repeat=&#8221;repeat&#8221; text_orientation=&#8221;center&#8221; module_alignment=&#8221;center&#8221; custom_margin=&#8221;0px||0px||false|false&#8221; custom_padding=&#8221;0px||0px||false|false&#8221; custom_css_main_element=&#8221;padding-bottom:0px !important;||margin-bottom: 0px !important;&#8221; use_border_color=&#8221;off&#8221; border_style=&#8221;solid&#8221; global_colors_info=&#8221;{}&#8221;]<\/p>\n<h2 style=\"text-align: center;\">The Association<\/h2>\n<p style=\"text-align: center;\">[\/et_pb_text][\/et_pb_column][\/et_pb_row][et_pb_row column_structure=&#8221;1_2,1_2&#8243; admin_label=&#8221;Line&#8221; _builder_version=&#8221;4.27.0&#8243; _module_preset=&#8221;635bb1f2-a0f6-4e42-a54c-529fd39d1c9b&#8221; make_fullwidth=&#8221;off&#8221; use_custom_width=&#8221;off&#8221; width_unit=&#8221;off&#8221; custom_width_px=&#8221;1080px&#8221; custom_width_percent=&#8221;80%&#8221; global_colors_info=&#8221;{}&#8221;][et_pb_column type=&#8221;1_2&#8243; _builder_version=&#8221;4.27.0&#8243; _module_preset=&#8221;754dc971-bcda-45e7-97b5-3cbc8f17659b&#8221; global_colors_info=&#8221;{}&#8221;][et_pb_text _builder_version=&#8221;4.27.0&#8243; _module_preset=&#8221;default&#8221; global_colors_info=&#8221;{}&#8221;]<\/p>\n<h3 style=\"text-align: center;\">Discover<\/h3>\n<p style=\"text-align: center;\">Get to know our association, its aims and how it works<\/p>\n<p>[\/et_pb_text][et_pb_button button_url=&#8221;@ET-DC@eyJkeW5hbWljIjp0cnVlLCJjb250ZW50IjoicG9zdF9saW5rX3VybF9wYWdlIiwic2V0dGluZ3MiOnsicG9zdF9pZCI6IjI4OTUzIn19@&#8221; button_text=&#8221;More information&#8221; _builder_version=&#8221;4.27.0&#8243; _dynamic_attributes=&#8221;button_url&#8221; _module_preset=&#8221;07cb1f77-c773-45e7-a164-d6279e040587&#8243; global_colors_info=&#8221;{}&#8221;][\/et_pb_button][\/et_pb_column][et_pb_column type=&#8221;1_2&#8243; _builder_version=&#8221;4.27.0&#8243; _module_preset=&#8221;754dc971-bcda-45e7-97b5-3cbc8f17659b&#8221; custom_padding=&#8221;40px|30px|40px|40px|false|false&#8221; global_colors_info=&#8221;{}&#8221; custom_padding__hover=&#8221;|||&#8221;][et_pb_text _builder_version=&#8221;4.27.0&#8243; _module_preset=&#8221;003ab705-6913-4c58-8975-c958f01ea299&#8243; global_colors_info=&#8221;{}&#8221;]<\/p>\n<h3 style=\"text-align: center;\">Become a member<\/h3>\n<p style=\"text-align: center;\">Are you interested in AMHE and would like to join us?<\/p>\n<p>[\/et_pb_text][et_pb_button button_url=&#8221;@ET-DC@eyJkeW5hbWljIjp0cnVlLCJjb250ZW50IjoicG9zdF9saW5rX3VybF9wYWdlIiwic2V0dGluZ3MiOnsicG9zdF9pZCI6IjI5MDY5In19@&#8221; button_text=&#8221;Nous contacter &#8221; _builder_version=&#8221;4.27.0&#8243; _dynamic_attributes=&#8221;button_url&#8221; _module_preset=&#8221;07cb1f77-c773-45e7-a164-d6279e040587&#8243; global_colors_info=&#8221;{}&#8221;][\/et_pb_button][\/et_pb_column][\/et_pb_row][\/et_pb_section][et_pb_section fb_built=&#8221;1&#8243; admin_label=&#8221;section&#8221; module_id=&#8221;about&#8221; _builder_version=&#8221;4.27.0&#8243; _module_preset=&#8221;6ef7bc72-25c3-449b-9136-498fd8f02720&#8243; background_image=&#8221;https:\/\/gagschola.ch\/wp-content\/uploads\/2024\/09\/GAGS_image-illustration_Meyer_1570_Sword_E-scaled.jpg&#8221; background_enable_image=&#8221;on&#8221; transparent_background=&#8221;off&#8221; make_fullwidth=&#8221;off&#8221; use_custom_width=&#8221;off&#8221; width_unit=&#8221;off&#8221; custom_width_px=&#8221;1080px&#8221; custom_width_percent=&#8221;80%&#8221; global_colors_info=&#8221;{}&#8221;][et_pb_row _builder_version=&#8221;4.27.0&#8243; _module_preset=&#8221;4f72a112-8c88-46fa-8348-6d4fc5730212&#8243; global_colors_info=&#8221;{}&#8221;][et_pb_column type=&#8221;4_4&#8243; _builder_version=&#8221;4.27.0&#8243; _module_preset=&#8221;default&#8221; global_colors_info=&#8221;{}&#8221;][\/et_pb_column][\/et_pb_row][\/et_pb_section]<\/p>\n","protected":false},"excerpt":{"rendered":"<p>We are an association active in the practice of European historical martial arts (AMHE) in Geneva.Entra\u00eenements Nos entra\u00eenements ont lieu le lundi et le jeudi soir \u00e0 proximit\u00e9 de la gare Cornavin.Our next eventOur next event is in the makingTo keep up to date with our next eventslike our Facebook and Instagram pagesThe Association Discover [&hellip;]<\/p>\n","protected":false},"author":1,"featured_media":0,"parent":0,"menu_order":0,"comment_status":"closed","ping_status":"closed","template":"","meta":{"_et_pb_use_builder":"on","_et_pb_old_content":"","_et_gb_content_width":"","footnotes":""},"class_list":["post-29506","page","type-page","status-publish","hentry"],"_links":{"self":[{"href":"https:\/\/gagschola.ch\/en\/wp-json\/wp\/v2\/pages\/29506","targetHints":{"allow":["GET"]}}],"collection":[{"href":"https:\/\/gagschola.ch\/en\/wp-json\/wp\/v2\/pages"}],"about":[{"href":"https:\/\/gagschola.ch\/en\/wp-json\/wp\/v2\/types\/page"}],"author":[{"embeddable":true,"href":"https:\/\/gagschola.ch\/en\/wp-json\/wp\/v2\/users\/1"}],"replies":[{"embeddable":true,"href":"https:\/\/gagschola.ch\/en\/wp-json\/wp\/v2\/comments?post=29506"}],"version-history":[{"count":7,"href":"https:\/\/gagschola.ch\/en\/wp-json\/wp\/v2\/pages\/29506\/revisions"}],"predecessor-version":[{"id":29894,"href":"https:\/\/gagschola.ch\/en\/wp-json\/wp\/v2\/pages\/29506\/revisions\/29894"}],"wp:attachment":[{"href":"https:\/\/gagschola.ch\/en\/wp-json\/wp\/v2\/media?parent=29506"}],"curies":[{"name":"wp","href":"https:\/\/api.w.org\/{rel}","templated":true}]}}